{"id":1088,"date":"2025-10-26T15:55:18","date_gmt":"2025-10-26T14:55:18","guid":{"rendered":"https:\/\/izakaya.group\/about\/"},"modified":"2026-03-30T12:12:46","modified_gmt":"2026-03-30T10:12:46","slug":"cuisine","status":"publish","type":"page","link":"https:\/\/izakaya.group\/en\/cuisine\/","title":{"rendered":"Cuisine"},"content":{"rendered":"<div data-elementor-type=\"wp-page\" data-elementor-id=\"1088\" class=\"elementor elementor-1088\" data-elementor-post-type=\"page\">\n\t\t\t\t<div class=\"elementor-element elementor-element-4fc7498 e-flex e-con-boxed e-con e-parent\" data-id=\"4fc7498\" data-element_type=\"container\" data-e-type=\"container\" data-settings=\"{&quot;background_background&quot;:&quot;classic&quot;,&quot;shape_divider_bottom&quot;:&quot;curve&quot;,&quot;shape_divider_bottom_negative&quot;:&quot;yes&quot;}\">\n\t\t\t\t\t<div class=\"e-con-inner\">\n\t\t\t\t<div class=\"elementor-shape elementor-shape-bottom\" aria-hidden=\"true\" data-negative=\"true\">\n\t\t\t<svg xmlns=\"http:\/\/www.w3.org\/2000\/svg\" viewbox=\"0 0 1000 100\" preserveaspectratio=\"none\">\n\t<path class=\"elementor-shape-fill\" d=\"M500,97C126.7,96.3,0.8,19.8,0,0v100l1000,0V1C1000,19.4,873.3,97.8,500,97z\"\/>\n<\/svg>\t\t<\/div>\n\t\t<div class=\"elementor-element elementor-element-10ae113 e-con-full e-flex e-con e-child\" data-id=\"10ae113\" data-element_type=\"container\" data-e-type=\"container\">\n\t\t\t\t<div class=\"elementor-element elementor-element-59dbf4c elementor-widget elementor-widget-uael-infobox\" data-id=\"59dbf4c\" data-element_type=\"widget\" data-e-type=\"widget\" data-widget_type=\"uael-infobox.default\">\n\t\t\t\t<div class=\"elementor-widget-container\">\n\t\t\t\t\t\n<div class=\"uael-module-content uael-infobox uael-imgicon-style-normal  infobox-has-icon uael-infobox-icon-above-title  uael-infobox-link-type-none\">\n\t<div class=\"uael-infobox-left-right-wrap\">\n\t\t\t\t\t\t<div class=\"uael-infobox-content\">\n\t\t\t\t\t\t\t<div class=\"uael-module-content uael-imgicon-wrap\">\t\t\t\t\t\t\t\t\t\t\t\n\t\t\t\t\t\t\t\t\t\t\t\t\t\t<\/div>\n\t\t\t\t\t\t\t<div class='uael-infobox-title-wrap'><h1 class=\"uael-infobox-title elementor-inline-editing\" data-elementor-setting-key=\"infobox_title\" data-elementor-inline-editing-toolbar=\"basic\" >AN AUTHENTIC VISION<\/h1><\/div>\t\t\t\t\t\t\t\t\t<div class=\"uael-infobox-text-wrap\">\n\t\t\t\t<div class=\"uael-infobox-text elementor-inline-editing\" data-elementor-setting-key=\"infobox_description\" data-elementor-inline-editing-toolbar=\"advanced\">\n\t\t\t\t\tDANNY KHEZZAR ELEVATES THE ART OF JAPANESE CUISINE\t\t\t\t<\/div>\n\t\t\t\t\t\n\t\t\t\t\t\t\t<\/div>\n\t\t<\/div>\n\t\t\t<\/div>\n<\/div>\n\t\t\t\t<\/div>\n\t\t\t\t<\/div>\n\t\t\t\t<\/div>\n\t\t\t\t\t<\/div>\n\t\t\t\t<\/div>\n\t\t<div class=\"elementor-element elementor-element-60e0f3b e-flex e-con-boxed e-con e-parent\" data-id=\"60e0f3b\" data-element_type=\"container\" data-e-type=\"container\" data-settings=\"{&quot;background_background&quot;:&quot;classic&quot;}\">\n\t\t\t\t\t<div class=\"e-con-inner\">\n\t\t<div class=\"elementor-element elementor-element-4abc469 e-con-full e-flex e-con e-child\" data-id=\"4abc469\" data-element_type=\"container\" data-e-type=\"container\">\n\t\t<div class=\"elementor-element elementor-element-03d1ca5 e-con-full e-flex e-con e-child\" data-id=\"03d1ca5\" data-element_type=\"container\" data-e-type=\"container\">\n\t\t\t\t<div class=\"elementor-element elementor-element-dada451 elementor-widget__width-initial elementor-widget elementor-widget-heading\" data-id=\"dada451\" data-element_type=\"widget\" data-e-type=\"widget\" data-widget_type=\"heading.default\">\n\t\t\t\t<div class=\"elementor-widget-container\">\n\t\t\t\t\t<h2 class=\"elementor-heading-title elementor-size-default\">Sharing\nTradition\nCreativity<\/h2>\t\t\t\t<\/div>\n\t\t\t\t<\/div>\n\t\t\t\t<\/div>\n\t\t\t\t<div class=\"elementor-element elementor-element-34f31f7 elementor-widget__width-initial elementor-widget elementor-widget-uael-infobox\" data-id=\"34f31f7\" data-element_type=\"widget\" data-e-type=\"widget\" data-widget_type=\"uael-infobox.default\">\n\t\t\t\t<div class=\"elementor-widget-container\">\n\t\t\t\t\t\n<div class=\"uael-module-content uael-infobox uael-imgicon-style-normal  uael-infobox-left  infobox-has-icon uael-infobox-icon-above-title  uael-infobox-link-type-none\">\n\t<div class=\"uael-infobox-left-right-wrap\">\n\t\t\t\t\t\t<div class=\"uael-infobox-content\">\n\t\t\t\t\t\t\t<div class=\"uael-module-content uael-imgicon-wrap\">\t\t\t\t\t\t\t\t\t\t\t\n\t\t\t\t\t\t\t\t\t\t\t\t\t\t<\/div>\n\t\t\t\t\t\t\t<div class='uael-infobox-title-wrap'><\/div>\t\t\t\t\t\t\t\t\t<div class=\"uael-infobox-text-wrap\">\n\t\t\t\t<div class=\"uael-infobox-text elementor-inline-editing\" data-elementor-setting-key=\"infobox_description\" data-elementor-inline-editing-toolbar=\"advanced\">\n\t\t\t\t\t<p>\"At Izakaya, I wanted to capture the convivial spirit of Japanese cuisine through a sharing menu that blends classic Japanese dishes, delicate nigiri, and binchotan-grilled meats. Condiments and fermentation play a central role, adding the gastronomic twist I love to explore in my cooking.\"&nbsp;<\/p><p>Danny Khezzar.<\/p>\t\t\t\t<\/div>\n\t\t\t\t\t\n\t\t\t\t\t\t\t<\/div>\n\t\t<\/div>\n\t\t\t<\/div>\n<\/div>\n\t\t\t\t<\/div>\n\t\t\t\t<\/div>\n\t\t\t\t<\/div>\n\t\t<div class=\"elementor-element elementor-element-98502ae e-con-full e-flex e-con e-child\" data-id=\"98502ae\" data-element_type=\"container\" data-e-type=\"container\">\n\t\t\t\t<\/div>\n\t\t\t\t\t<\/div>\n\t\t\t\t<\/div>\n\t\t<div class=\"elementor-element elementor-element-aaa2f72 e-flex e-con-boxed e-con e-parent\" data-id=\"aaa2f72\" data-element_type=\"container\" data-e-type=\"container\" data-settings=\"{&quot;background_background&quot;:&quot;classic&quot;}\">\n\t\t\t\t\t<div class=\"e-con-inner\">\n\t\t<div class=\"elementor-element elementor-element-df5c177 e-con-full e-flex e-con e-child\" data-id=\"df5c177\" data-element_type=\"container\" data-e-type=\"container\">\n\t\t\t\t<div class=\"elementor-element elementor-element-93c60fc elementor-widget elementor-widget-image\" data-id=\"93c60fc\" data-element_type=\"widget\" data-e-type=\"widget\" data-widget_type=\"image.default\">\n\t\t\t\t<div class=\"elementor-widget-container\">\n\t\t\t\t\t\t\t\t\t\t\t\t\t\t\t<img fetchpriority=\"high\" decoding=\"async\" width=\"683\" height=\"1024\" src=\"https:\/\/izakaya.group\/wp-content\/uploads\/2026\/02\/DSC01540-683x1024.jpg\" class=\"attachment-large size-large wp-image-1891\" alt=\"dsc01540\" srcset=\"https:\/\/izakaya.group\/wp-content\/uploads\/2026\/02\/DSC01540-683x1024.jpg 683w, https:\/\/izakaya.group\/wp-content\/uploads\/2026\/02\/DSC01540-200x300.jpg 200w, https:\/\/izakaya.group\/wp-content\/uploads\/2026\/02\/DSC01540-768x1152.jpg 768w, https:\/\/izakaya.group\/wp-content\/uploads\/2026\/02\/DSC01540-1024x1536.jpg 1024w, https:\/\/izakaya.group\/wp-content\/uploads\/2026\/02\/DSC01540-1365x2048.jpg 1365w, https:\/\/izakaya.group\/wp-content\/uploads\/2026\/02\/DSC01540-8x12.jpg 8w, https:\/\/izakaya.group\/wp-content\/uploads\/2026\/02\/DSC01540-scaled.jpg 1707w\" sizes=\"(max-width: 683px) 100vw, 683px\" title=\"Cuisine\">\t\t\t\t\t\t\t\t\t\t\t\t\t\t\t<\/div>\n\t\t\t\t<\/div>\n\t\t\t\t<\/div>\n\t\t<div class=\"elementor-element elementor-element-8d61b89 e-con-full e-flex e-con e-child\" data-id=\"8d61b89\" data-element_type=\"container\" data-e-type=\"container\">\n\t\t\t\t<div class=\"elementor-element elementor-element-69d9716 elementor-widget elementor-widget-text-editor\" data-id=\"69d9716\" data-element_type=\"widget\" data-e-type=\"widget\" data-widget_type=\"text-editor.default\">\n\t\t\t\t<div class=\"elementor-widget-container\">\n\t\t\t\t\t\t\t\t\t<p>&nbsp;notre chef danny khezzar<\/p>\t\t\t\t\t\t\t\t<\/div>\n\t\t\t\t<\/div>\n\t\t\t\t<div class=\"elementor-element elementor-element-8ee5c8d elementor-widget elementor-widget-heading\" data-id=\"8ee5c8d\" data-element_type=\"widget\" data-e-type=\"widget\" data-widget_type=\"heading.default\">\n\t\t\t\t<div class=\"elementor-widget-container\">\n\t\t\t\t\t<h2 class=\"elementor-heading-title elementor-size-default\">A Well of Creativity<\/h2>\t\t\t\t<\/div>\n\t\t\t\t<\/div>\n\t\t\t\t<div class=\"elementor-element elementor-element-748c272 elementor-widget elementor-widget-text-editor\" data-id=\"748c272\" data-element_type=\"widget\" data-e-type=\"widget\" data-widget_type=\"text-editor.default\">\n\t\t\t\t<div class=\"elementor-widget-container\">\n\t\t\t\t\t\t\t\t\t<p data-start=\"83\" data-end=\"287\">A finalist of Top Chef Season 14 and a true social media star, Danny Khezzar invites you to discover his new Japanese restaurant: a festive, convivial table full of surprises.<\/p><p data-start=\"289\" data-end=\"517\">Authenticity and creativity meet here, as in all of Danny\u2019s establishments. The chef\u2019s playful and pop-inspired universe blends with the elegance of omakase tables and the freshness of Tokyo\u2019s streets.<\/p><p data-start=\"519\" data-end=\"727\">On the menu : a sushi section crafted with masterful skill, a grill section elevated by traditional binch\u014dtan cooking, and a selection of signature dishes promising pure delight.<\/p><p data-start=\"729\" data-end=\"809\">A vibrant, bold, and deeply sincere place, reflecting the chef himself.<\/p>\t\t\t\t\t\t\t\t<\/div>\n\t\t\t\t<\/div>\n\t\t<div class=\"elementor-element elementor-element-846ebef e-con-full e-flex e-con e-child\" data-id=\"846ebef\" data-element_type=\"container\" data-e-type=\"container\">\n\t\t\t\t<\/div>\n\t\t\t\t<\/div>\n\t\t\t\t\t<\/div>\n\t\t\t\t<\/div>\n\t\t\t\t<\/div>","protected":false},"excerpt":{"rendered":"<p>UNE VISION AUTHENTIQUE. DANNY KHEZZAR SUBLIME L&rsquo;ART CULINAIRE NIPPON \u00c0 TABLE. Partage. Tradition. Cr\u00e9ativit\u00e9. \u00ab\u00a0\u00c0 l\u2019Izakaya, j\u2019ai voulu retranscrire l\u2019esprit [&hellip;]<\/p>\n","protected":false},"author":1,"featured_media":0,"parent":0,"menu_order":0,"comment_status":"closed","ping_status":"closed","template":"","meta":{"site-sidebar-layout":"no-sidebar","site-content-layout":"","ast-site-content-layout":"full-width-container","site-content-style":"unboxed","site-sidebar-style":"unboxed","ast-global-header-display":"","ast-banner-title-visibility":"","ast-main-header-display":"","ast-hfb-above-header-display":"","ast-hfb-below-header-display":"","ast-hfb-mobile-header-display":"","site-post-title":"disabled","ast-breadcrumbs-content":"","ast-featured-img":"disabled","footer-sml-layout":"","theme-transparent-header-meta":"enabled","adv-header-id-meta":"","stick-header-meta":"","header-above-stick-meta":"","header-main-stick-meta":"","header-below-stick-meta":"","astra-migrate-meta-layouts":"default","ast-page-background-enabled":"default","ast-page-background-meta":{"desktop":{"background-color":"var(--ast-global-color-5)","background-image":"","background-repeat":"repeat","background-position":"center center","background-size":"auto","background-attachment":"scroll","background-type":"","background-media":"","overlay-type":"","overlay-color":"","overlay-opacity":"","overlay-gradient":""},"tablet":{"background-color":"","background-image":"","background-repeat":"repeat","background-position":"center center","background-size":"auto","background-attachment":"scroll","background-type":"","background-media":"","overlay-type":"","overlay-color":"","overlay-opacity":"","overlay-gradient":""},"mobile":{"background-color":"","background-image":"","background-repeat":"repeat","background-position":"center center","background-size":"auto","background-attachment":"scroll","background-type":"","background-media":"","overlay-type":"","overlay-color":"","overlay-opacity":"","overlay-gradient":""}},"ast-content-background-meta":{"desktop":{"background-color":"var(--ast-global-color-4)","background-image":"","background-repeat":"repeat","background-position":"center center","background-size":"auto","background-attachment":"scroll","background-type":"","background-media":"","overlay-type":"","overlay-color":"","overlay-opacity":"","overlay-gradient":""},"tablet":{"background-color":"var(--ast-global-color-4)","background-image":"","background-repeat":"repeat","background-position":"center center","background-size":"auto","background-attachment":"scroll","background-type":"","background-media":"","overlay-type":"","overlay-color":"","overlay-opacity":"","overlay-gradient":""},"mobile":{"background-color":"var(--ast-global-color-4)","background-image":"","background-repeat":"repeat","background-position":"center center","background-size":"auto","background-attachment":"scroll","background-type":"","background-media":"","overlay-type":"","overlay-color":"","overlay-opacity":"","overlay-gradient":""}},"footnotes":""},"class_list":["post-1088","page","type-page","status-publish","hentry"],"yoast_head":"<!-- This site is optimized with the Yoast SEO plugin v27.0 - https:\/\/yoast.com\/product\/yoast-seo-wordpress\/ -->\n<title>Cuisine - Izakaya By Danny Khezzar<\/title>\n<meta name=\"description\" content=\"Restaurant japonais festif \u00e0 Gen\u00e8ve par Danny Khezzar. Cuisine de partage, sushis et grill binchotan dans une ambiance unique.\" \/>\n<meta name=\"robots\" content=\"index, follow, max-snippet:-1, max-image-preview:large, max-video-preview:-1\" \/>\n<link rel=\"canonical\" href=\"https:\/\/izakaya.group\/en\/cuisine\/\" \/>\n<meta property=\"og:locale\" content=\"en_US\" \/>\n<meta property=\"og:type\" content=\"article\" \/>\n<meta property=\"og:title\" content=\"Cuisine - Izakaya By Danny Khezzar\" \/>\n<meta property=\"og:description\" content=\"Restaurant japonais festif \u00e0 Gen\u00e8ve par Danny Khezzar. Cuisine de partage, sushis et grill binchotan dans une ambiance unique.\" \/>\n<meta property=\"og:url\" content=\"https:\/\/izakaya.group\/en\/cuisine\/\" \/>\n<meta property=\"og:site_name\" content=\"Izakaya By Danny Khezzar\" \/>\n<meta property=\"article:publisher\" content=\"https:\/\/www.facebook.com\/izakaya.geneve\" \/>\n<meta property=\"article:modified_time\" content=\"2026-03-30T10:12:46+00:00\" \/>\n<meta property=\"og:image\" content=\"https:\/\/izakaya.group\/wp-content\/uploads\/2026\/02\/DSC01540-scaled.jpg\" \/>\n\t<meta property=\"og:image:width\" content=\"1707\" \/>\n\t<meta property=\"og:image:height\" content=\"2560\" \/>\n\t<meta property=\"og:image:type\" content=\"image\/jpeg\" \/>\n<meta name=\"twitter:card\" content=\"summary_large_image\" \/>\n<meta name=\"twitter:label1\" content=\"Est. reading time\" \/>\n\t<meta name=\"twitter:data1\" content=\"2 minutes\" \/>\n<script type=\"application\/ld+json\" class=\"yoast-schema-graph\">{\"@context\":\"https:\/\/schema.org\",\"@graph\":[{\"@type\":\"WebPage\",\"@id\":\"https:\/\/izakaya.group\/cuisine\/\",\"url\":\"https:\/\/izakaya.group\/cuisine\/\",\"name\":\"Cuisine - Izakaya By Danny Khezzar\",\"isPartOf\":{\"@id\":\"https:\/\/izakaya.group\/#website\"},\"primaryImageOfPage\":{\"@id\":\"https:\/\/izakaya.group\/cuisine\/#primaryimage\"},\"image\":{\"@id\":\"https:\/\/izakaya.group\/cuisine\/#primaryimage\"},\"thumbnailUrl\":\"https:\/\/izakaya.group\/wp-content\/uploads\/2026\/02\/DSC01540-683x1024.jpg\",\"datePublished\":\"2025-10-26T14:55:18+00:00\",\"dateModified\":\"2026-03-30T10:12:46+00:00\",\"description\":\"Restaurant japonais festif \u00e0 Gen\u00e8ve par Danny Khezzar. Cuisine de partage, sushis et grill binchotan dans une ambiance unique.\",\"breadcrumb\":{\"@id\":\"https:\/\/izakaya.group\/cuisine\/#breadcrumb\"},\"inLanguage\":\"en-US\",\"potentialAction\":[{\"@type\":\"ReadAction\",\"target\":[\"https:\/\/izakaya.group\/cuisine\/\"]}]},{\"@type\":\"ImageObject\",\"inLanguage\":\"en-US\",\"@id\":\"https:\/\/izakaya.group\/cuisine\/#primaryimage\",\"url\":\"https:\/\/izakaya.group\/wp-content\/uploads\/2026\/02\/DSC01540-683x1024.jpg\",\"contentUrl\":\"https:\/\/izakaya.group\/wp-content\/uploads\/2026\/02\/DSC01540-683x1024.jpg\"},{\"@type\":\"BreadcrumbList\",\"@id\":\"https:\/\/izakaya.group\/cuisine\/#breadcrumb\",\"itemListElement\":[{\"@type\":\"ListItem\",\"position\":1,\"name\":\"Accueil\",\"item\":\"https:\/\/izakaya.group\/\"},{\"@type\":\"ListItem\",\"position\":2,\"name\":\"Cuisine\"}]},{\"@type\":\"WebSite\",\"@id\":\"https:\/\/izakaya.group\/#website\",\"url\":\"https:\/\/izakaya.group\/\",\"name\":\"Izakaya By Danny Khezzar\",\"description\":\"Le nouveau restaurant festif en plein coeur de Gen\u00e8ve.\",\"publisher\":{\"@id\":\"https:\/\/izakaya.group\/#organization\"},\"alternateName\":\"Izakaya\",\"potentialAction\":[{\"@type\":\"SearchAction\",\"target\":{\"@type\":\"EntryPoint\",\"urlTemplate\":\"https:\/\/izakaya.group\/?s={search_term_string}\"},\"query-input\":{\"@type\":\"PropertyValueSpecification\",\"valueRequired\":true,\"valueName\":\"search_term_string\"}}],\"inLanguage\":\"en-US\"},{\"@type\":\"Organization\",\"@id\":\"https:\/\/izakaya.group\/#organization\",\"name\":\"Izakaya By Danny Khezzar\",\"alternateName\":\"Izakaya\",\"url\":\"https:\/\/izakaya.group\/\",\"logo\":{\"@type\":\"ImageObject\",\"inLanguage\":\"en-US\",\"@id\":\"https:\/\/izakaya.group\/#\/schema\/logo\/image\/\",\"url\":\"https:\/\/izakaya.group\/wp-content\/uploads\/2025\/10\/favicon-izakaya.png\",\"contentUrl\":\"https:\/\/izakaya.group\/wp-content\/uploads\/2025\/10\/favicon-izakaya.png\",\"width\":500,\"height\":500,\"caption\":\"Izakaya By Danny Khezzar\"},\"image\":{\"@id\":\"https:\/\/izakaya.group\/#\/schema\/logo\/image\/\"},\"sameAs\":[\"https:\/\/www.facebook.com\/izakaya.geneve\",\"https:\/\/www.instagram.com\/izakaya_geneva\/\"]}]}<\/script>\n<!-- \/ Yoast SEO plugin. -->","yoast_head_json":{"title":"Cuisine - Izakaya By Danny Khezzar","description":"Restaurant japonais festif \u00e0 Gen\u00e8ve par Danny Khezzar. Cuisine de partage, sushis et grill binchotan dans une ambiance unique.","robots":{"index":"index","follow":"follow","max-snippet":"max-snippet:-1","max-image-preview":"max-image-preview:large","max-video-preview":"max-video-preview:-1"},"canonical":"https:\/\/izakaya.group\/en\/cuisine\/","og_locale":"en_US","og_type":"article","og_title":"Cuisine - Izakaya By Danny Khezzar","og_description":"Restaurant japonais festif \u00e0 Gen\u00e8ve par Danny Khezzar. Cuisine de partage, sushis et grill binchotan dans une ambiance unique.","og_url":"https:\/\/izakaya.group\/en\/cuisine\/","og_site_name":"Izakaya By Danny Khezzar","article_publisher":"https:\/\/www.facebook.com\/izakaya.geneve","article_modified_time":"2026-03-30T10:12:46+00:00","og_image":[{"width":1707,"height":2560,"url":"https:\/\/izakaya.group\/wp-content\/uploads\/2026\/02\/DSC01540-scaled.jpg","type":"image\/jpeg"}],"twitter_card":"summary_large_image","twitter_misc":{"Est. reading time":"2 minutes"},"schema":{"@context":"https:\/\/schema.org","@graph":[{"@type":"WebPage","@id":"https:\/\/izakaya.group\/cuisine\/","url":"https:\/\/izakaya.group\/cuisine\/","name":"Cuisine - Izakaya By Danny Khezzar","isPartOf":{"@id":"https:\/\/izakaya.group\/#website"},"primaryImageOfPage":{"@id":"https:\/\/izakaya.group\/cuisine\/#primaryimage"},"image":{"@id":"https:\/\/izakaya.group\/cuisine\/#primaryimage"},"thumbnailUrl":"https:\/\/izakaya.group\/wp-content\/uploads\/2026\/02\/DSC01540-683x1024.jpg","datePublished":"2025-10-26T14:55:18+00:00","dateModified":"2026-03-30T10:12:46+00:00","description":"Restaurant japonais festif \u00e0 Gen\u00e8ve par Danny Khezzar. Cuisine de partage, sushis et grill binchotan dans une ambiance unique.","breadcrumb":{"@id":"https:\/\/izakaya.group\/cuisine\/#breadcrumb"},"inLanguage":"en-US","potentialAction":[{"@type":"ReadAction","target":["https:\/\/izakaya.group\/cuisine\/"]}]},{"@type":"ImageObject","inLanguage":"en-US","@id":"https:\/\/izakaya.group\/cuisine\/#primaryimage","url":"https:\/\/izakaya.group\/wp-content\/uploads\/2026\/02\/DSC01540-683x1024.jpg","contentUrl":"https:\/\/izakaya.group\/wp-content\/uploads\/2026\/02\/DSC01540-683x1024.jpg"},{"@type":"BreadcrumbList","@id":"https:\/\/izakaya.group\/cuisine\/#breadcrumb","itemListElement":[{"@type":"ListItem","position":1,"name":"Accueil","item":"https:\/\/izakaya.group\/"},{"@type":"ListItem","position":2,"name":"Cuisine"}]},{"@type":"WebSite","@id":"https:\/\/izakaya.group\/#website","url":"https:\/\/izakaya.group\/","name":"Izakaya By Danny Khezzar","description":"Le nouveau restaurant festif en plein coeur de Gen\u00e8ve.","publisher":{"@id":"https:\/\/izakaya.group\/#organization"},"alternateName":"Izakaya","potentialAction":[{"@type":"SearchAction","target":{"@type":"EntryPoint","urlTemplate":"https:\/\/izakaya.group\/?s={search_term_string}"},"query-input":{"@type":"PropertyValueSpecification","valueRequired":true,"valueName":"search_term_string"}}],"inLanguage":"en-US"},{"@type":"Organization","@id":"https:\/\/izakaya.group\/#organization","name":"Izakaya By Danny Khezzar","alternateName":"Izakaya","url":"https:\/\/izakaya.group\/","logo":{"@type":"ImageObject","inLanguage":"en-US","@id":"https:\/\/izakaya.group\/#\/schema\/logo\/image\/","url":"https:\/\/izakaya.group\/wp-content\/uploads\/2025\/10\/favicon-izakaya.png","contentUrl":"https:\/\/izakaya.group\/wp-content\/uploads\/2025\/10\/favicon-izakaya.png","width":500,"height":500,"caption":"Izakaya By Danny Khezzar"},"image":{"@id":"https:\/\/izakaya.group\/#\/schema\/logo\/image\/"},"sameAs":["https:\/\/www.facebook.com\/izakaya.geneve","https:\/\/www.instagram.com\/izakaya_geneva\/"]}]}},"_links":{"self":[{"href":"https:\/\/izakaya.group\/en\/wp-json\/wp\/v2\/pages\/1088","targetHints":{"allow":["GET"]}}],"collection":[{"href":"https:\/\/izakaya.group\/en\/wp-json\/wp\/v2\/pages"}],"about":[{"href":"https:\/\/izakaya.group\/en\/wp-json\/wp\/v2\/types\/page"}],"author":[{"embeddable":true,"href":"https:\/\/izakaya.group\/en\/wp-json\/wp\/v2\/users\/1"}],"replies":[{"embeddable":true,"href":"https:\/\/izakaya.group\/en\/wp-json\/wp\/v2\/comments?post=1088"}],"version-history":[{"count":47,"href":"https:\/\/izakaya.group\/en\/wp-json\/wp\/v2\/pages\/1088\/revisions"}],"predecessor-version":[{"id":1938,"href":"https:\/\/izakaya.group\/en\/wp-json\/wp\/v2\/pages\/1088\/revisions\/1938"}],"wp:attachment":[{"href":"https:\/\/izakaya.group\/en\/wp-json\/wp\/v2\/media?parent=1088"}],"curies":[{"name":"wp","href":"https:\/\/api.w.org\/{rel}","templated":true}]}}