{"id":14,"date":"2025-10-26T15:55:18","date_gmt":"2025-10-26T14:55:18","guid":{"rendered":"https:\/\/izakaya.group\/services\/"},"modified":"2026-02-25T21:54:25","modified_gmt":"2026-02-25T20:54:25","slug":"univers","status":"publish","type":"page","link":"https:\/\/izakaya.group\/en\/univers\/","title":{"rendered":"Universe"},"content":{"rendered":"<div data-elementor-type=\"wp-page\" data-elementor-id=\"14\" class=\"elementor elementor-14\" data-elementor-post-type=\"page\">\n\t\t\t\t<div class=\"elementor-element elementor-element-66b589e e-flex e-con-boxed e-con e-parent\" data-id=\"66b589e\" data-element_type=\"container\" data-e-type=\"container\" data-settings=\"{&quot;background_background&quot;:&quot;classic&quot;,&quot;shape_divider_bottom&quot;:&quot;curve-asymmetrical&quot;,&quot;shape_divider_bottom_negative&quot;:&quot;yes&quot;}\">\n\t\t\t\t\t<div class=\"e-con-inner\">\n\t\t\t\t<div class=\"elementor-shape elementor-shape-bottom\" aria-hidden=\"true\" data-negative=\"true\">\n\t\t\t<svg xmlns=\"http:\/\/www.w3.org\/2000\/svg\" viewbox=\"0 0 1000 100\" preserveaspectratio=\"none\">\n\t<path class=\"elementor-shape-fill\" d=\"M615.2,96.7C240.2,97.8,0,18.9,0,0v100h1000V0C1000,19.2,989.8,96,615.2,96.7z\"\/>\n<\/svg>\t\t<\/div>\n\t\t<div class=\"elementor-element elementor-element-fbb4b36 e-con-full e-flex e-con e-child\" data-id=\"fbb4b36\" data-element_type=\"container\" data-e-type=\"container\">\n\t\t\t\t<div class=\"elementor-element elementor-element-7ebd054 elementor-widget elementor-widget-uael-infobox\" data-id=\"7ebd054\" data-element_type=\"widget\" data-e-type=\"widget\" data-widget_type=\"uael-infobox.default\">\n\t\t\t\t<div class=\"elementor-widget-container\">\n\t\t\t\t\t\n<div class=\"uael-module-content uael-infobox uael-imgicon-style-normal  infobox-has-icon uael-infobox-icon-above-title  uael-infobox-link-type-none\">\n\t<div class=\"uael-infobox-left-right-wrap\">\n\t\t\t\t\t\t<div class=\"uael-infobox-content\">\n\t\t\t\t\t\t\t<div class=\"uael-module-content uael-imgicon-wrap\">\t\t\t\t\t\t\t\t\t\t\t\n\t\t\t\t\t\t\t\t\t\t\t\t\t\t<\/div>\n\t\t\t\t\t\t\t<div class='uael-infobox-title-wrap'><h1 class=\"uael-infobox-title elementor-inline-editing\" data-elementor-setting-key=\"infobox_title\" data-elementor-inline-editing-toolbar=\"basic\" >THE IZAKAYA UNIVERSE<\/h1><\/div>\t\t\t\t\t\t\t\t\t<div class=\"uael-infobox-text-wrap\">\n\t\t\t\t<div class=\"uael-infobox-text elementor-inline-editing\" data-elementor-setting-key=\"infobox_description\" data-elementor-inline-editing-toolbar=\"advanced\">\n\t\t\t\t\tGENEVA\t\t\t\t<\/div>\n\t\t\t\t\t\n\t\t\t\t\t\t\t<\/div>\n\t\t<\/div>\n\t\t\t<\/div>\n<\/div>\n\t\t\t\t<\/div>\n\t\t\t\t<\/div>\n\t\t\t\t<\/div>\n\t\t\t\t\t<\/div>\n\t\t\t\t<\/div>\n\t\t\t\t<section class=\"elementor-section elementor-top-section elementor-element elementor-element-0yi3yxc elementor-section-boxed elementor-section-height-default elementor-section-height-default\" data-id=\"0yi3yxc\" data-element_type=\"section\" data-e-type=\"section\" data-settings=\"{&quot;background_background&quot;:&quot;classic&quot;}\">\n\t\t\t\t\t\t<div class=\"elementor-container elementor-column-gap-default\">\n\t\t\t\t\t<div class=\"elementor-column elementor-col-50 elementor-top-column elementor-element elementor-element-5eb62c9\" data-id=\"5eb62c9\" data-element_type=\"column\" data-e-type=\"column\">\n\t\t\t<div class=\"elementor-widget-wrap elementor-element-populated\">\n\t\t\t\t\t\t<div class=\"elementor-element elementor-element-302de7a elementor-widget elementor-widget-image-carousel\" data-id=\"302de7a\" data-element_type=\"widget\" data-e-type=\"widget\" data-settings=\"{&quot;slides_to_show&quot;:&quot;1&quot;,&quot;navigation&quot;:&quot;none&quot;,&quot;autoplay_speed&quot;:2000,&quot;autoplay&quot;:&quot;yes&quot;,&quot;pause_on_hover&quot;:&quot;yes&quot;,&quot;pause_on_interaction&quot;:&quot;yes&quot;,&quot;infinite&quot;:&quot;yes&quot;,&quot;effect&quot;:&quot;slide&quot;,&quot;speed&quot;:500}\" data-widget_type=\"image-carousel.default\">\n\t\t\t\t<div class=\"elementor-widget-container\">\n\t\t\t\t\t\t\t<div class=\"elementor-image-carousel-wrapper swiper\" role=\"region\" aria-roledescription=\"carousel\" aria-label=\"Carrousel d\u2019images\" dir=\"ltr\">\n\t\t\t<div class=\"elementor-image-carousel swiper-wrapper\" aria-live=\"off\">\n\t\t\t\t\t\t\t\t<div class=\"swiper-slide\" role=\"group\" aria-roledescription=\"slide\" aria-label=\"1 sur 8\"><figure class=\"swiper-slide-inner\"><img decoding=\"async\" class=\"swiper-slide-image\" src=\"https:\/\/izakaya.group\/wp-content\/uploads\/2026\/02\/5.jpg\" alt=\"5\" title=\"Universe\"><\/figure><\/div><div class=\"swiper-slide\" role=\"group\" aria-roledescription=\"slide\" aria-label=\"2 sur 8\"><figure class=\"swiper-slide-inner\"><img decoding=\"async\" class=\"swiper-slide-image\" src=\"https:\/\/izakaya.group\/wp-content\/uploads\/2026\/02\/DSC00979-copie.jpg\" alt=\"dsc00979 copie\" title=\"Universe\"><\/figure><\/div><div class=\"swiper-slide\" role=\"group\" aria-roledescription=\"slide\" aria-label=\"3 sur 8\"><figure class=\"swiper-slide-inner\"><img decoding=\"async\" class=\"swiper-slide-image\" src=\"https:\/\/izakaya.group\/wp-content\/uploads\/2026\/02\/DSC00088-copie.jpg\" alt=\"dsc00088 copie\" title=\"Universe\"><\/figure><\/div><div class=\"swiper-slide\" role=\"group\" aria-roledescription=\"slide\" aria-label=\"4 sur 8\"><figure class=\"swiper-slide-inner\"><img decoding=\"async\" class=\"swiper-slide-image\" src=\"https:\/\/izakaya.group\/wp-content\/uploads\/2026\/02\/DSC01314-copie.jpg\" alt=\"dsc01314 copie\" title=\"Universe\"><\/figure><\/div><div class=\"swiper-slide\" role=\"group\" aria-roledescription=\"slide\" aria-label=\"5 sur 8\"><figure class=\"swiper-slide-inner\"><img decoding=\"async\" class=\"swiper-slide-image\" src=\"https:\/\/izakaya.group\/wp-content\/uploads\/2026\/02\/DSC00207-copie.jpg\" alt=\"dsc00207 copie\" title=\"Universe\"><\/figure><\/div><div class=\"swiper-slide\" role=\"group\" aria-roledescription=\"slide\" aria-label=\"6 sur 8\"><figure class=\"swiper-slide-inner\"><img decoding=\"async\" class=\"swiper-slide-image\" src=\"https:\/\/izakaya.group\/wp-content\/uploads\/2026\/02\/DSC00101-copie-2.jpg\" alt=\"dsc00101 copie 2\" title=\"Universe\"><\/figure><\/div><div class=\"swiper-slide\" role=\"group\" aria-roledescription=\"slide\" aria-label=\"7 sur 8\"><figure class=\"swiper-slide-inner\"><img decoding=\"async\" class=\"swiper-slide-image\" src=\"https:\/\/izakaya.group\/wp-content\/uploads\/2026\/02\/DSC00218-copie.jpg\" alt=\"dsc00218 copie\" title=\"Universe\"><\/figure><\/div><div class=\"swiper-slide\" role=\"group\" aria-roledescription=\"slide\" aria-label=\"8 sur 8\"><figure class=\"swiper-slide-inner\"><img decoding=\"async\" class=\"swiper-slide-image\" src=\"https:\/\/izakaya.group\/wp-content\/uploads\/2026\/02\/DSC00294-copie.jpg\" alt=\"dsc00294 copie\" title=\"Universe\"><\/figure><\/div>\t\t\t<\/div>\n\t\t\t\t\t\t\t\n\t\t\t\t\t\t\t\t\t<\/div>\n\t\t\t\t\t\t<\/div>\n\t\t\t\t<\/div>\n\t\t\t\t\t<\/div>\n\t\t<\/div>\n\t\t\t\t<div class=\"elementor-column elementor-col-50 elementor-top-column elementor-element elementor-element-1392a61\" data-id=\"1392a61\" data-element_type=\"column\" data-e-type=\"column\">\n\t\t\t<div class=\"elementor-widget-wrap elementor-element-populated\">\n\t\t\t\t\t\t<div class=\"elementor-element elementor-element-a1cd770 elementor-widget elementor-widget-image\" data-id=\"a1cd770\" data-element_type=\"widget\" data-e-type=\"widget\" data-widget_type=\"image.default\">\n\t\t\t\t<div class=\"elementor-widget-container\">\n\t\t\t\t\t\t\t\t\t\t\t\t\t\t\t<img fetchpriority=\"high\" decoding=\"async\" width=\"1024\" height=\"683\" src=\"https:\/\/izakaya.group\/wp-content\/uploads\/2026\/02\/DSC00891-1024x683.jpg\" class=\"attachment-large size-large wp-image-1877\" alt=\"dsc00891\" srcset=\"https:\/\/izakaya.group\/wp-content\/uploads\/2026\/02\/DSC00891-1024x683.jpg 1024w, https:\/\/izakaya.group\/wp-content\/uploads\/2026\/02\/DSC00891-300x200.jpg 300w, https:\/\/izakaya.group\/wp-content\/uploads\/2026\/02\/DSC00891-768x512.jpg 768w, https:\/\/izakaya.group\/wp-content\/uploads\/2026\/02\/DSC00891-1536x1024.jpg 1536w, https:\/\/izakaya.group\/wp-content\/uploads\/2026\/02\/DSC00891-2048x1365.jpg 2048w, https:\/\/izakaya.group\/wp-content\/uploads\/2026\/02\/DSC00891-18x12.jpg 18w\" sizes=\"(max-width: 1024px) 100vw, 1024px\" title=\"Universe\">\t\t\t\t\t\t\t\t\t\t\t\t\t\t\t<\/div>\n\t\t\t\t<\/div>\n\t\t\t\t<div class=\"elementor-element elementor-element-e8cdbdb elementor-widget elementor-widget-image\" data-id=\"e8cdbdb\" data-element_type=\"widget\" data-e-type=\"widget\" data-widget_type=\"image.default\">\n\t\t\t\t<div class=\"elementor-widget-container\">\n\t\t\t\t\t\t\t\t\t\t\t\t\t\t\t<img decoding=\"async\" width=\"1024\" height=\"612\" src=\"https:\/\/izakaya.group\/wp-content\/uploads\/2025\/10\/Design-sans-titre-20-1024x612.png\" class=\"attachment-large size-large wp-image-1459\" alt=\"design sans titre\" srcset=\"https:\/\/izakaya.group\/wp-content\/uploads\/2025\/10\/Design-sans-titre-20-1024x612.png 1024w, https:\/\/izakaya.group\/wp-content\/uploads\/2025\/10\/Design-sans-titre-20-300x179.png 300w, https:\/\/izakaya.group\/wp-content\/uploads\/2025\/10\/Design-sans-titre-20-768x459.png 768w, https:\/\/izakaya.group\/wp-content\/uploads\/2025\/10\/Design-sans-titre-20-1536x918.png 1536w, https:\/\/izakaya.group\/wp-content\/uploads\/2025\/10\/Design-sans-titre-20-18x12.png 18w, https:\/\/izakaya.group\/wp-content\/uploads\/2025\/10\/Design-sans-titre-20.png 1920w\" sizes=\"(max-width: 1024px) 100vw, 1024px\" title=\"Universe\">\t\t\t\t\t\t\t\t\t\t\t\t\t\t\t<\/div>\n\t\t\t\t<\/div>\n\t\t\t\t<div class=\"elementor-element elementor-element-7d67140 elementor-widget elementor-widget-image\" data-id=\"7d67140\" data-element_type=\"widget\" data-e-type=\"widget\" data-widget_type=\"image.default\">\n\t\t\t\t<div class=\"elementor-widget-container\">\n\t\t\t\t\t\t\t\t\t\t\t\t\t\t\t<img decoding=\"async\" width=\"650\" height=\"285\" src=\"https:\/\/izakaya.group\/wp-content\/uploads\/2025\/10\/Design-sans-titre-21.png\" class=\"attachment-large size-large wp-image-1460\" alt=\"design sans titre\" srcset=\"https:\/\/izakaya.group\/wp-content\/uploads\/2025\/10\/Design-sans-titre-21.png 650w, https:\/\/izakaya.group\/wp-content\/uploads\/2025\/10\/Design-sans-titre-21-300x132.png 300w, https:\/\/izakaya.group\/wp-content\/uploads\/2025\/10\/Design-sans-titre-21-18x8.png 18w\" sizes=\"(max-width: 650px) 100vw, 650px\" title=\"Universe\">\t\t\t\t\t\t\t\t\t\t\t\t\t\t\t<\/div>\n\t\t\t\t<\/div>\n\t\t\t\t\t<\/div>\n\t\t<\/div>\n\t\t\t\t\t<\/div>\n\t\t<\/section>\n\t\t\t\t<section class=\"elementor-section elementor-top-section elementor-element elementor-element-wiv4mcw elementor-section-full_width elementor-section-content-middle elementor-section-height-default elementor-section-height-default\" data-id=\"wiv4mcw\" data-element_type=\"section\" data-e-type=\"section\" data-settings=\"{&quot;background_background&quot;:&quot;classic&quot;}\">\n\t\t\t\t\t\t<div class=\"elementor-container elementor-column-gap-default\">\n\t\t\t\t\t<div class=\"elementor-column elementor-col-50 elementor-top-column elementor-element elementor-element-8374079\" data-id=\"8374079\" data-element_type=\"column\" data-e-type=\"column\">\n\t\t\t<div class=\"elementor-widget-wrap elementor-element-populated\">\n\t\t\t\t\t\t<div class=\"elementor-element elementor-element-a4620c2 elementor-widget-divider--view-line elementor-widget elementor-widget-divider\" data-id=\"a4620c2\" data-element_type=\"widget\" data-e-type=\"widget\" data-widget_type=\"divider.default\">\n\t\t\t\t<div class=\"elementor-widget-container\">\n\t\t\t\t\t\t\t<div class=\"elementor-divider\">\n\t\t\t<span class=\"elementor-divider-separator\">\n\t\t\t\t\t\t<\/span>\n\t\t<\/div>\n\t\t\t\t\t\t<\/div>\n\t\t\t\t<\/div>\n\t\t\t\t<div class=\"elementor-element elementor-element-6859fd5 elementor-widget elementor-widget-heading\" data-id=\"6859fd5\" data-element_type=\"widget\" data-e-type=\"widget\" data-widget_type=\"heading.default\">\n\t\t\t\t<div class=\"elementor-widget-container\">\n\t\t\t\t\t<h1 class=\"elementor-heading-title elementor-size-default\">Party\nwith\nelegance \u2764\ufe0f<\/h1>\t\t\t\t<\/div>\n\t\t\t\t<\/div>\n\t\t\t\t<div class=\"elementor-element elementor-element-bc0577b elementor-mobile-align-center elementor-widget elementor-widget-button\" data-id=\"bc0577b\" data-element_type=\"widget\" data-e-type=\"widget\" data-widget_type=\"button.default\">\n\t\t\t\t<div class=\"elementor-widget-container\">\n\t\t\t\t\t\t\t\t\t<div class=\"elementor-button-wrapper\">\n\t\t\t\t\t<a class=\"elementor-button elementor-button-link elementor-size-sm\" href=\"https:\/\/www.sevenrooms.com\/explore\/izakayageneve\/reservations\/create\/search?lang=fr\">\n\t\t\t\t\t\t<span class=\"elementor-button-content-wrapper\">\n\t\t\t\t\t\t\t\t\t<span class=\"elementor-button-text\">Book your table<\/span>\n\t\t\t\t\t<\/span>\n\t\t\t\t\t<\/a>\n\t\t\t\t<\/div>\n\t\t\t\t\t\t\t\t<\/div>\n\t\t\t\t<\/div>\n\t\t\t\t\t<\/div>\n\t\t<\/div>\n\t\t\t\t<div class=\"elementor-column elementor-col-50 elementor-top-column elementor-element elementor-element-bf8bf78\" data-id=\"bf8bf78\" data-element_type=\"column\" data-e-type=\"column\" data-settings=\"{&quot;background_background&quot;:&quot;classic&quot;}\">\n\t\t\t<div class=\"elementor-widget-wrap elementor-element-populated\">\n\t\t\t\t\t<div class=\"elementor-background-overlay\"><\/div>\n\t\t\t\t\t\t<div class=\"elementor-element elementor-element-6c05942 elementor-widget elementor-widget-image\" data-id=\"6c05942\" data-element_type=\"widget\" data-e-type=\"widget\" data-widget_type=\"image.default\">\n\t\t\t\t<div class=\"elementor-widget-container\">\n\t\t\t\t\t\t\t\t\t\t\t\t\t\t\t<img decoding=\"async\" src=\"https:\/\/izakaya.group\/wp-content\/uploads\/elementor\/thumbs\/IMG_8753-2-copie-scaled-rjovt64wq7kdx8xjv6jw21ykf4q9lqezvfql4x7o94.jpg\" title=\"img 8753 2 copie\" alt=\"img 8753 2 copie\" loading=\"lazy\" \/>\t\t\t\t\t\t\t\t\t\t\t\t\t\t\t<\/div>\n\t\t\t\t<\/div>\n\t\t\t\t\t<\/div>\n\t\t<\/div>\n\t\t\t\t\t<\/div>\n\t\t<\/section>\n\t\t\t\t<\/div>","protected":false},"excerpt":{"rendered":"<p>L&rsquo;UNIVERS IZAKAYA GENEVA Party with elegance \u2764\ufe0f r\u00e9server<\/p>","protected":false},"author":1,"featured_media":0,"parent":0,"menu_order":0,"comment_status":"closed","ping_status":"closed","template":"","meta":{"site-sidebar-layout":"no-sidebar","site-content-layout":"","ast-site-content-layout":"full-width-container","site-content-style":"unboxed","site-sidebar-style":"unboxed","ast-global-header-display":"","ast-banner-title-visibility":"","ast-main-header-display":"","ast-hfb-above-header-display":"","ast-hfb-below-header-display":"","ast-hfb-mobile-header-display":"","site-post-title":"disabled","ast-breadcrumbs-content":"","ast-featured-img":"disabled","footer-sml-layout":"","theme-transparent-header-meta":"enabled","adv-header-id-meta":"","stick-header-meta":"","header-above-stick-meta":"","header-main-stick-meta":"","header-below-stick-meta":"","astra-migrate-meta-layouts":"default","ast-page-background-enabled":"default","ast-page-background-meta":{"desktop":{"background-color":"var(--ast-global-color-5)","background-image":"","background-repeat":"repeat","background-position":"center center","background-size":"auto","background-attachment":"scroll","background-type":"","background-media":"","overlay-type":"","overlay-color":"","overlay-opacity":"","overlay-gradient":""},"tablet":{"background-color":"","background-image":"","background-repeat":"repeat","background-position":"center center","background-size":"auto","background-attachment":"scroll","background-type":"","background-media":"","overlay-type":"","overlay-color":"","overlay-opacity":"","overlay-gradient":""},"mobile":{"background-color":"","background-image":"","background-repeat":"repeat","background-position":"center center","background-size":"auto","background-attachment":"scroll","background-type":"","background-media":"","overlay-type":"","overlay-color":"","overlay-opacity":"","overlay-gradient":""}},"ast-content-background-meta":{"desktop":{"background-color":"var(--ast-global-color-4)","background-image":"","background-repeat":"repeat","background-position":"center center","background-size":"auto","background-attachment":"scroll","background-type":"","background-media":"","overlay-type":"","overlay-color":"","overlay-opacity":"","overlay-gradient":""},"tablet":{"background-color":"var(--ast-global-color-4)","background-image":"","background-repeat":"repeat","background-position":"center center","background-size":"auto","background-attachment":"scroll","background-type":"","background-media":"","overlay-type":"","overlay-color":"","overlay-opacity":"","overlay-gradient":""},"mobile":{"background-color":"var(--ast-global-color-4)","background-image":"","background-repeat":"repeat","background-position":"center center","background-size":"auto","background-attachment":"scroll","background-type":"","background-media":"","overlay-type":"","overlay-color":"","overlay-opacity":"","overlay-gradient":""}},"footnotes":""},"class_list":["post-14","page","type-page","status-publish","hentry"],"yoast_head":"<!-- This site is optimized with the Yoast SEO plugin v27.0 - https:\/\/yoast.com\/product\/yoast-seo-wordpress\/ -->\n<title>Univers - Izakaya By Danny Khezzar<\/title>\n<meta name=\"description\" content=\"IZAKAYA vous invite \u00e0 une exp\u00e9rience unique : une atmosph\u00e8re feutr\u00e9e, inspir\u00e9e des soir\u00e9es japonaises, o\u00f9 chaque d\u00e9tail c\u00e9l\u00e8bre l\u2019art de vivre nippon.\" \/>\n<meta name=\"robots\" content=\"index, follow, max-snippet:-1, max-image-preview:large, max-video-preview:-1\" \/>\n<link rel=\"canonical\" href=\"https:\/\/izakaya.group\/en\/univers\/\" \/>\n<meta property=\"og:locale\" content=\"en_US\" \/>\n<meta property=\"og:type\" content=\"article\" \/>\n<meta property=\"og:title\" content=\"Univers - Izakaya By Danny Khezzar\" \/>\n<meta property=\"og:description\" content=\"IZAKAYA vous invite \u00e0 une exp\u00e9rience unique : une atmosph\u00e8re feutr\u00e9e, inspir\u00e9e des soir\u00e9es japonaises, o\u00f9 chaque d\u00e9tail c\u00e9l\u00e8bre l\u2019art de vivre nippon.\" \/>\n<meta property=\"og:url\" content=\"https:\/\/izakaya.group\/en\/univers\/\" \/>\n<meta property=\"og:site_name\" content=\"Izakaya By Danny Khezzar\" \/>\n<meta property=\"article:publisher\" content=\"https:\/\/www.facebook.com\/izakaya.geneve\" \/>\n<meta property=\"article:modified_time\" content=\"2026-02-25T20:54:25+00:00\" \/>\n<meta property=\"og:image\" content=\"https:\/\/izakaya.group\/wp-content\/uploads\/2026\/02\/5.jpg\" \/>\n<meta name=\"twitter:card\" content=\"summary_large_image\" \/>\n<meta name=\"twitter:label1\" content=\"Est. reading time\" \/>\n\t<meta name=\"twitter:data1\" content=\"2 minutes\" \/>\n<script type=\"application\/ld+json\" class=\"yoast-schema-graph\">{\"@context\":\"https:\/\/schema.org\",\"@graph\":[{\"@type\":\"WebPage\",\"@id\":\"https:\/\/izakaya.group\/univers\/\",\"url\":\"https:\/\/izakaya.group\/univers\/\",\"name\":\"Univers - Izakaya By Danny Khezzar\",\"isPartOf\":{\"@id\":\"https:\/\/izakaya.group\/#website\"},\"primaryImageOfPage\":{\"@id\":\"https:\/\/izakaya.group\/univers\/#primaryimage\"},\"image\":{\"@id\":\"https:\/\/izakaya.group\/univers\/#primaryimage\"},\"thumbnailUrl\":\"https:\/\/izakaya.group\/wp-content\/uploads\/2026\/02\/5.jpg\",\"datePublished\":\"2025-10-26T14:55:18+00:00\",\"dateModified\":\"2026-02-25T20:54:25+00:00\",\"description\":\"IZAKAYA vous invite \u00e0 une exp\u00e9rience unique : une atmosph\u00e8re feutr\u00e9e, inspir\u00e9e des soir\u00e9es japonaises, o\u00f9 chaque d\u00e9tail c\u00e9l\u00e8bre l\u2019art de vivre nippon.\",\"breadcrumb\":{\"@id\":\"https:\/\/izakaya.group\/univers\/#breadcrumb\"},\"inLanguage\":\"en-US\",\"potentialAction\":[{\"@type\":\"ReadAction\",\"target\":[\"https:\/\/izakaya.group\/univers\/\"]}]},{\"@type\":\"ImageObject\",\"inLanguage\":\"en-US\",\"@id\":\"https:\/\/izakaya.group\/univers\/#primaryimage\",\"url\":\"https:\/\/izakaya.group\/wp-content\/uploads\/2026\/02\/5.jpg\",\"contentUrl\":\"https:\/\/izakaya.group\/wp-content\/uploads\/2026\/02\/5.jpg\"},{\"@type\":\"BreadcrumbList\",\"@id\":\"https:\/\/izakaya.group\/univers\/#breadcrumb\",\"itemListElement\":[{\"@type\":\"ListItem\",\"position\":1,\"name\":\"Accueil\",\"item\":\"https:\/\/izakaya.group\/\"},{\"@type\":\"ListItem\",\"position\":2,\"name\":\"Univers\"}]},{\"@type\":\"WebSite\",\"@id\":\"https:\/\/izakaya.group\/#website\",\"url\":\"https:\/\/izakaya.group\/\",\"name\":\"Izakaya By Danny Khezzar\",\"description\":\"Le nouveau restaurant festif en plein coeur de Gen\u00e8ve.\",\"publisher\":{\"@id\":\"https:\/\/izakaya.group\/#organization\"},\"alternateName\":\"Izakaya\",\"potentialAction\":[{\"@type\":\"SearchAction\",\"target\":{\"@type\":\"EntryPoint\",\"urlTemplate\":\"https:\/\/izakaya.group\/?s={search_term_string}\"},\"query-input\":{\"@type\":\"PropertyValueSpecification\",\"valueRequired\":true,\"valueName\":\"search_term_string\"}}],\"inLanguage\":\"en-US\"},{\"@type\":\"Organization\",\"@id\":\"https:\/\/izakaya.group\/#organization\",\"name\":\"Izakaya By Danny Khezzar\",\"alternateName\":\"Izakaya\",\"url\":\"https:\/\/izakaya.group\/\",\"logo\":{\"@type\":\"ImageObject\",\"inLanguage\":\"en-US\",\"@id\":\"https:\/\/izakaya.group\/#\/schema\/logo\/image\/\",\"url\":\"https:\/\/izakaya.group\/wp-content\/uploads\/2025\/10\/favicon-izakaya.png\",\"contentUrl\":\"https:\/\/izakaya.group\/wp-content\/uploads\/2025\/10\/favicon-izakaya.png\",\"width\":500,\"height\":500,\"caption\":\"Izakaya By Danny Khezzar\"},\"image\":{\"@id\":\"https:\/\/izakaya.group\/#\/schema\/logo\/image\/\"},\"sameAs\":[\"https:\/\/www.facebook.com\/izakaya.geneve\",\"https:\/\/www.instagram.com\/izakaya_geneva\/\"]}]}<\/script>\n<!-- \/ Yoast SEO plugin. -->","yoast_head_json":{"title":"Univers - Izakaya By Danny Khezzar","description":"IZAKAYA vous invite \u00e0 une exp\u00e9rience unique : une atmosph\u00e8re feutr\u00e9e, inspir\u00e9e des soir\u00e9es japonaises, o\u00f9 chaque d\u00e9tail c\u00e9l\u00e8bre l\u2019art de vivre nippon.","robots":{"index":"index","follow":"follow","max-snippet":"max-snippet:-1","max-image-preview":"max-image-preview:large","max-video-preview":"max-video-preview:-1"},"canonical":"https:\/\/izakaya.group\/en\/univers\/","og_locale":"en_US","og_type":"article","og_title":"Univers - Izakaya By Danny Khezzar","og_description":"IZAKAYA vous invite \u00e0 une exp\u00e9rience unique : une atmosph\u00e8re feutr\u00e9e, inspir\u00e9e des soir\u00e9es japonaises, o\u00f9 chaque d\u00e9tail c\u00e9l\u00e8bre l\u2019art de vivre nippon.","og_url":"https:\/\/izakaya.group\/en\/univers\/","og_site_name":"Izakaya By Danny Khezzar","article_publisher":"https:\/\/www.facebook.com\/izakaya.geneve","article_modified_time":"2026-02-25T20:54:25+00:00","og_image":[{"url":"https:\/\/izakaya.group\/wp-content\/uploads\/2026\/02\/5.jpg","type":"","width":"","height":""}],"twitter_card":"summary_large_image","twitter_misc":{"Est. reading time":"2 minutes"},"schema":{"@context":"https:\/\/schema.org","@graph":[{"@type":"WebPage","@id":"https:\/\/izakaya.group\/univers\/","url":"https:\/\/izakaya.group\/univers\/","name":"Univers - Izakaya By Danny Khezzar","isPartOf":{"@id":"https:\/\/izakaya.group\/#website"},"primaryImageOfPage":{"@id":"https:\/\/izakaya.group\/univers\/#primaryimage"},"image":{"@id":"https:\/\/izakaya.group\/univers\/#primaryimage"},"thumbnailUrl":"https:\/\/izakaya.group\/wp-content\/uploads\/2026\/02\/5.jpg","datePublished":"2025-10-26T14:55:18+00:00","dateModified":"2026-02-25T20:54:25+00:00","description":"IZAKAYA vous invite \u00e0 une exp\u00e9rience unique : une atmosph\u00e8re feutr\u00e9e, inspir\u00e9e des soir\u00e9es japonaises, o\u00f9 chaque d\u00e9tail c\u00e9l\u00e8bre l\u2019art de vivre nippon.","breadcrumb":{"@id":"https:\/\/izakaya.group\/univers\/#breadcrumb"},"inLanguage":"en-US","potentialAction":[{"@type":"ReadAction","target":["https:\/\/izakaya.group\/univers\/"]}]},{"@type":"ImageObject","inLanguage":"en-US","@id":"https:\/\/izakaya.group\/univers\/#primaryimage","url":"https:\/\/izakaya.group\/wp-content\/uploads\/2026\/02\/5.jpg","contentUrl":"https:\/\/izakaya.group\/wp-content\/uploads\/2026\/02\/5.jpg"},{"@type":"BreadcrumbList","@id":"https:\/\/izakaya.group\/univers\/#breadcrumb","itemListElement":[{"@type":"ListItem","position":1,"name":"Accueil","item":"https:\/\/izakaya.group\/"},{"@type":"ListItem","position":2,"name":"Univers"}]},{"@type":"WebSite","@id":"https:\/\/izakaya.group\/#website","url":"https:\/\/izakaya.group\/","name":"Izakaya By Danny Khezzar","description":"Le nouveau restaurant festif en plein coeur de Gen\u00e8ve.","publisher":{"@id":"https:\/\/izakaya.group\/#organization"},"alternateName":"Izakaya","potentialAction":[{"@type":"SearchAction","target":{"@type":"EntryPoint","urlTemplate":"https:\/\/izakaya.group\/?s={search_term_string}"},"query-input":{"@type":"PropertyValueSpecification","valueRequired":true,"valueName":"search_term_string"}}],"inLanguage":"en-US"},{"@type":"Organization","@id":"https:\/\/izakaya.group\/#organization","name":"Izakaya By Danny Khezzar","alternateName":"Izakaya","url":"https:\/\/izakaya.group\/","logo":{"@type":"ImageObject","inLanguage":"en-US","@id":"https:\/\/izakaya.group\/#\/schema\/logo\/image\/","url":"https:\/\/izakaya.group\/wp-content\/uploads\/2025\/10\/favicon-izakaya.png","contentUrl":"https:\/\/izakaya.group\/wp-content\/uploads\/2025\/10\/favicon-izakaya.png","width":500,"height":500,"caption":"Izakaya By Danny Khezzar"},"image":{"@id":"https:\/\/izakaya.group\/#\/schema\/logo\/image\/"},"sameAs":["https:\/\/www.facebook.com\/izakaya.geneve","https:\/\/www.instagram.com\/izakaya_geneva\/"]}]}},"_links":{"self":[{"href":"https:\/\/izakaya.group\/en\/wp-json\/wp\/v2\/pages\/14","targetHints":{"allow":["GET"]}}],"collection":[{"href":"https:\/\/izakaya.group\/en\/wp-json\/wp\/v2\/pages"}],"about":[{"href":"https:\/\/izakaya.group\/en\/wp-json\/wp\/v2\/types\/page"}],"author":[{"embeddable":true,"href":"https:\/\/izakaya.group\/en\/wp-json\/wp\/v2\/users\/1"}],"replies":[{"embeddable":true,"href":"https:\/\/izakaya.group\/en\/wp-json\/wp\/v2\/comments?post=14"}],"version-history":[{"count":48,"href":"https:\/\/izakaya.group\/en\/wp-json\/wp\/v2\/pages\/14\/revisions"}],"predecessor-version":[{"id":1939,"href":"https:\/\/izakaya.group\/en\/wp-json\/wp\/v2\/pages\/14\/revisions\/1939"}],"wp:attachment":[{"href":"https:\/\/izakaya.group\/en\/wp-json\/wp\/v2\/media?parent=14"}],"curies":[{"name":"wp","href":"https:\/\/api.w.org\/{rel}","templated":true}]}}