{"id":1825,"date":"2025-12-02T23:14:36","date_gmt":"2025-12-02T22:14:36","guid":{"rendered":"https:\/\/izakaya.group\/?page_id=1825"},"modified":"2026-02-25T22:00:14","modified_gmt":"2026-02-25T21:00:14","slug":"cartecadeau","status":"publish","type":"page","link":"https:\/\/izakaya.group\/en\/cartecadeau\/","title":{"rendered":"Carte cadeau"},"content":{"rendered":"\t\t<div data-elementor-type=\"wp-page\" data-elementor-id=\"1825\" class=\"elementor elementor-1825\" data-elementor-post-type=\"page\">\n\t\t\t\t<div class=\"elementor-element elementor-element-9d5bca4 e-flex e-con-boxed e-con e-parent\" data-id=\"9d5bca4\" data-element_type=\"container\" data-e-type=\"container\" data-settings=\"{&quot;background_background&quot;:&quot;classic&quot;,&quot;shape_divider_bottom&quot;:&quot;curve&quot;,&quot;shape_divider_bottom_negative&quot;:&quot;yes&quot;}\">\n\t\t\t\t\t<div class=\"e-con-inner\">\n\t\t\t\t<div class=\"elementor-shape elementor-shape-bottom\" aria-hidden=\"true\" data-negative=\"true\">\n\t\t\t<svg xmlns=\"http:\/\/www.w3.org\/2000\/svg\" viewBox=\"0 0 1000 100\" preserveAspectRatio=\"none\">\n\t<path class=\"elementor-shape-fill\" d=\"M500,97C126.7,96.3,0.8,19.8,0,0v100l1000,0V1C1000,19.4,873.3,97.8,500,97z\"\/>\n<\/svg>\t\t<\/div>\n\t\t<div class=\"elementor-element elementor-element-cba2c18 e-con-full e-flex e-con e-child\" data-id=\"cba2c18\" data-element_type=\"container\" data-e-type=\"container\">\n\t\t\t\t<div class=\"elementor-element elementor-element-97c908f elementor-widget elementor-widget-uael-infobox\" data-id=\"97c908f\" data-element_type=\"widget\" data-e-type=\"widget\" data-widget_type=\"uael-infobox.default\">\n\t\t\t\t<div class=\"elementor-widget-container\">\n\t\t\t\t\t\n<div class=\"uael-module-content uael-infobox uael-imgicon-style-normal  infobox-has-icon uael-infobox-icon-above-title  uael-infobox-link-type-none\">\n\t<div class=\"uael-infobox-left-right-wrap\">\n\t\t\t\t\t\t<div class=\"uael-infobox-content\">\n\t\t\t\t\t\t\t<div class=\"uael-module-content uael-imgicon-wrap \">\t\t\t\t\t\t\t\t\t\t\t\n\t\t\t\t\t\t\t\t\t\t\t\t\t\t<\/div>\n\t\t\t\t\t\t\t<div class='uael-infobox-title-wrap'><h1 class=\"uael-infobox-title elementor-inline-editing\" data-elementor-setting-key=\"infobox_title\" data-elementor-inline-editing-toolbar=\"basic\" >OFFREZ UNE EXP\u00c9RIENCE<\/h1><\/div>\t\t\t\t\t\t\t\t\t<div class=\"uael-infobox-text-wrap\">\n\t\t\t\t<div class=\"uael-infobox-text elementor-inline-editing\" data-elementor-setting-key=\"infobox_description\" data-elementor-inline-editing-toolbar=\"advanced\">\n\t\t\t\t\t\t\t\t\t<\/div>\n\t\t\t\t\t\n\t\t\t\t\t\t\t<\/div>\n\t\t<\/div>\n\t\t\t<\/div>\n<\/div>\n\t\t\t\t<\/div>\n\t\t\t\t<\/div>\n\t\t\t\t<\/div>\n\t\t\t\t\t<\/div>\n\t\t\t\t<\/div>\n\t\t<div class=\"elementor-element elementor-element-a068243 e-flex e-con-boxed e-con e-parent\" data-id=\"a068243\" data-element_type=\"container\" data-e-type=\"container\" data-settings=\"{&quot;background_background&quot;:&quot;classic&quot;}\">\n\t\t\t\t\t<div class=\"e-con-inner\">\n\t\t<div class=\"elementor-element elementor-element-bc41412 e-con-full e-flex e-con e-child\" data-id=\"bc41412\" data-element_type=\"container\" data-e-type=\"container\">\n\t\t\t\t<div class=\"elementor-element elementor-element-59bd475 elementor-widget elementor-widget-shortcode\" data-id=\"59bd475\" data-element_type=\"widget\" data-e-type=\"widget\" data-widget_type=\"shortcode.default\">\n\t\t\t\t<div class=\"elementor-widget-container\">\n\t\t\t\t\t\t\t<div class=\"elementor-shortcode\"><div class=\"gift-up-target\" \r\n            data-site-id=\"6f9e561f-2404-42c0-897f-08de31b8ad3e\" \r\n            data-domain=\"\"\r\n            data-product-id=\"\"\r\n            data-group-id=\"\"\r\n            data-payment-methods=\"\"\r\n            data-language=\"\"\r\n            data-purchaser-name=\"\"\r\n            data-purchaser-email=\"\"\r\n            data-recipient-name=\"\"\r\n            data-recipient-email=\"\"\r\n            data-step=\"\"\r\n            data-who-for=\"\"\r\n            data-promo-code=\"\"\r\n            data-hide-artwork=\"\"\r\n            data-hide-groups=\"\"\r\n            data-hide-ungrouped-items=\"\"\r\n            data-hide-custom-value=\"\"\r\n            data-custom-value-amount=\"\"\r\n            data-referrer=\"\"\r\n            data-platform=\"Wordpress\"\r\n        ><\/div>\r\n        <script type=\"text\/javascript\">\r\n        (function (g, i, f, t, u, p, s) {\r\n            g[u] = g[u] || function() { (g[u].q = g[u].q || []).push(arguments) };\r\n            p = i.createElement(f);\r\n            p.async = 1;\r\n            p.src = t;\r\n            s = i.getElementsByTagName(f)[0];\r\n            s.parentNode.insertBefore(p, s);\r\n        })(window, document, 'script', 'https:\/\/cdn.giftup.app\/dist\/gift-up.js', 'giftup');\r\n        <\/script><\/div>\n\t\t\t\t\t\t<\/div>\n\t\t\t\t<\/div>\n\t\t\t\t<\/div>\n\t\t<div class=\"elementor-element elementor-element-cb0bbad e-con-full e-flex e-con e-child\" data-id=\"cb0bbad\" data-element_type=\"container\" data-e-type=\"container\">\n\t\t\t\t<div class=\"elementor-element elementor-element-021b933 elementor-widget__width-initial elementor-widget-tablet__width-inherit elementor-widget elementor-widget-heading\" data-id=\"021b933\" data-element_type=\"widget\" data-e-type=\"widget\" data-widget_type=\"heading.default\">\n\t\t\t\t<div class=\"elementor-widget-container\">\n\t\t\t\t\t<h2 class=\"elementor-heading-title elementor-size-default\">LE CADEAU ID\u00c9AL,  UN MOMENT FESTIF DE PARTAGE.<\/h2>\t\t\t\t<\/div>\n\t\t\t\t<\/div>\n\t\t\t\t<div class=\"elementor-element elementor-element-565ad34 elementor-widget elementor-widget-text-editor\" data-id=\"565ad34\" data-element_type=\"widget\" data-e-type=\"widget\" data-widget_type=\"text-editor.default\">\n\t\t\t\t<div class=\"elementor-widget-container\">\n\t\t\t\t\t\t\t\t\t<p>Nos cartes cadeaux \u00e0 prix libre sont d\u00e9sormais disponibles.<\/p>\t\t\t\t\t\t\t\t<\/div>\n\t\t\t\t<\/div>\n\t\t<div class=\"elementor-element elementor-element-7bc51c3 e-con-full e-flex e-con e-child\" data-id=\"7bc51c3\" data-element_type=\"container\" data-e-type=\"container\">\n\t\t<div class=\"elementor-element elementor-element-c08bc76 e-con-full e-flex e-con e-child\" data-id=\"c08bc76\" data-element_type=\"container\" data-e-type=\"container\">\n\t\t\t\t<\/div>\n\t\t\t\t<\/div>\n\t\t\t\t<\/div>\n\t\t\t\t\t<\/div>\n\t\t\t\t<\/div>\n\t\t\t\t<\/div>\n\t\t","protected":false},"excerpt":{"rendered":"<p>OFFREZ UNE EXP\u00c9RIENCE LE CADEAU ID\u00c9AL, UN MOMENT FESTIF DE PARTAGE. Nos cartes cadeaux \u00e0 prix libre sont d\u00e9sormais disponibles.<\/p>","protected":false},"author":1,"featured_media":0,"parent":0,"menu_order":0,"comment_status":"closed","ping_status":"closed","template":"","meta":{"site-sidebar-layout":"no-sidebar","site-content-layout":"","ast-site-content-layout":"full-width-container","site-content-style":"unboxed","site-sidebar-style":"unboxed","ast-global-header-display":"","ast-banner-title-visibility":"","ast-main-header-display":"","ast-hfb-above-header-display":"","ast-hfb-below-header-display":"","ast-hfb-mobile-header-display":"","site-post-title":"disabled","ast-breadcrumbs-content":"","ast-featured-img":"disabled","footer-sml-layout":"","theme-transparent-header-meta":"enabled","adv-header-id-meta":"","stick-header-meta":"","header-above-stick-meta":"","header-main-stick-meta":"","header-below-stick-meta":"","astra-migrate-meta-layouts":"default","ast-page-background-enabled":"default","ast-page-background-meta":{"desktop":{"background-color":"var(--ast-global-color-5)","background-image":"","background-repeat":"repeat","background-position":"center center","background-size":"auto","background-attachment":"scroll","background-type":"","background-media":"","overlay-type":"","overlay-color":"","overlay-opacity":"","overlay-gradient":""},"tablet":{"background-color":"","background-image":"","background-repeat":"repeat","background-position":"center center","background-size":"auto","background-attachment":"scroll","background-type":"","background-media":"","overlay-type":"","overlay-color":"","overlay-opacity":"","overlay-gradient":""},"mobile":{"background-color":"","background-image":"","background-repeat":"repeat","background-position":"center center","background-size":"auto","background-attachment":"scroll","background-type":"","background-media":"","overlay-type":"","overlay-color":"","overlay-opacity":"","overlay-gradient":""}},"ast-content-background-meta":{"desktop":{"background-color":"var(--ast-global-color-4)","background-image":"","background-repeat":"repeat","background-position":"center center","background-size":"auto","background-attachment":"scroll","background-type":"","background-media":"","overlay-type":"","overlay-color":"","overlay-opacity":"","overlay-gradient":""},"tablet":{"background-color":"var(--ast-global-color-4)","background-image":"","background-repeat":"repeat","background-position":"center center","background-size":"auto","background-attachment":"scroll","background-type":"","background-media":"","overlay-type":"","overlay-color":"","overlay-opacity":"","overlay-gradient":""},"mobile":{"background-color":"var(--ast-global-color-4)","background-image":"","background-repeat":"repeat","background-position":"center center","background-size":"auto","background-attachment":"scroll","background-type":"","background-media":"","overlay-type":"","overlay-color":"","overlay-opacity":"","overlay-gradient":""}},"footnotes":""},"class_list":["post-1825","page","type-page","status-publish","hentry"],"yoast_head":"<!-- This site is optimized with the Yoast SEO plugin v27.0 - https:\/\/yoast.com\/product\/yoast-seo-wordpress\/ -->\n<title>Carte cadeau - Izakaya By Danny Khezzar<\/title>\n<meta name=\"description\" content=\"Une demande particuli\u00e8re pour un moment d\u2019exception ?Notre \u00e9quipe se tient \u00e0 votre \u00e9coute pour concevoir une exp\u00e9rience sur mesure. Chaque d\u00e9tail compte, et nous vous r\u00e9pondrons avec attention dans un d\u00e9lai de 24 heures.\" \/>\n<meta name=\"robots\" content=\"index, follow, max-snippet:-1, max-image-preview:large, max-video-preview:-1\" \/>\n<link rel=\"canonical\" href=\"https:\/\/izakaya.group\/en\/cartecadeau\/\" \/>\n<meta property=\"og:locale\" content=\"en_US\" \/>\n<meta property=\"og:type\" content=\"article\" \/>\n<meta property=\"og:title\" content=\"Carte cadeau - Izakaya By Danny Khezzar\" \/>\n<meta property=\"og:description\" content=\"Une demande particuli\u00e8re pour un moment d\u2019exception ?Notre \u00e9quipe se tient \u00e0 votre \u00e9coute pour concevoir une exp\u00e9rience sur mesure. Chaque d\u00e9tail compte, et nous vous r\u00e9pondrons avec attention dans un d\u00e9lai de 24 heures.\" \/>\n<meta property=\"og:url\" content=\"https:\/\/izakaya.group\/en\/cartecadeau\/\" \/>\n<meta property=\"og:site_name\" content=\"Izakaya By Danny Khezzar\" \/>\n<meta property=\"article:publisher\" content=\"https:\/\/www.facebook.com\/izakaya.geneve\" \/>\n<meta property=\"article:modified_time\" content=\"2026-02-25T21:00:14+00:00\" \/>\n<meta name=\"twitter:card\" content=\"summary_large_image\" \/>\n<meta name=\"twitter:label1\" content=\"Est. reading time\" \/>\n\t<meta name=\"twitter:data1\" content=\"1 minute\" \/>\n<script type=\"application\/ld+json\" class=\"yoast-schema-graph\">{\"@context\":\"https:\/\/schema.org\",\"@graph\":[{\"@type\":\"WebPage\",\"@id\":\"https:\/\/izakaya.group\/cartecadeau\/\",\"url\":\"https:\/\/izakaya.group\/cartecadeau\/\",\"name\":\"Carte cadeau - Izakaya By Danny Khezzar\",\"isPartOf\":{\"@id\":\"https:\/\/izakaya.group\/#website\"},\"datePublished\":\"2025-12-02T22:14:36+00:00\",\"dateModified\":\"2026-02-25T21:00:14+00:00\",\"description\":\"Une demande particuli\u00e8re pour un moment d\u2019exception ?Notre \u00e9quipe se tient \u00e0 votre \u00e9coute pour concevoir une exp\u00e9rience sur mesure. Chaque d\u00e9tail compte, et nous vous r\u00e9pondrons avec attention dans un d\u00e9lai de 24 heures.\",\"breadcrumb\":{\"@id\":\"https:\/\/izakaya.group\/cartecadeau\/#breadcrumb\"},\"inLanguage\":\"en-US\",\"potentialAction\":[{\"@type\":\"ReadAction\",\"target\":[\"https:\/\/izakaya.group\/cartecadeau\/\"]}]},{\"@type\":\"BreadcrumbList\",\"@id\":\"https:\/\/izakaya.group\/cartecadeau\/#breadcrumb\",\"itemListElement\":[{\"@type\":\"ListItem\",\"position\":1,\"name\":\"Accueil\",\"item\":\"https:\/\/izakaya.group\/\"},{\"@type\":\"ListItem\",\"position\":2,\"name\":\"Carte cadeau\"}]},{\"@type\":\"WebSite\",\"@id\":\"https:\/\/izakaya.group\/#website\",\"url\":\"https:\/\/izakaya.group\/\",\"name\":\"Izakaya By Danny Khezzar\",\"description\":\"Le nouveau restaurant festif en plein coeur de Gen\u00e8ve.\",\"publisher\":{\"@id\":\"https:\/\/izakaya.group\/#organization\"},\"alternateName\":\"Izakaya\",\"potentialAction\":[{\"@type\":\"SearchAction\",\"target\":{\"@type\":\"EntryPoint\",\"urlTemplate\":\"https:\/\/izakaya.group\/?s={search_term_string}\"},\"query-input\":{\"@type\":\"PropertyValueSpecification\",\"valueRequired\":true,\"valueName\":\"search_term_string\"}}],\"inLanguage\":\"en-US\"},{\"@type\":\"Organization\",\"@id\":\"https:\/\/izakaya.group\/#organization\",\"name\":\"Izakaya By Danny Khezzar\",\"alternateName\":\"Izakaya\",\"url\":\"https:\/\/izakaya.group\/\",\"logo\":{\"@type\":\"ImageObject\",\"inLanguage\":\"en-US\",\"@id\":\"https:\/\/izakaya.group\/#\/schema\/logo\/image\/\",\"url\":\"https:\/\/izakaya.group\/wp-content\/uploads\/2025\/10\/favicon-izakaya.png\",\"contentUrl\":\"https:\/\/izakaya.group\/wp-content\/uploads\/2025\/10\/favicon-izakaya.png\",\"width\":500,\"height\":500,\"caption\":\"Izakaya By Danny Khezzar\"},\"image\":{\"@id\":\"https:\/\/izakaya.group\/#\/schema\/logo\/image\/\"},\"sameAs\":[\"https:\/\/www.facebook.com\/izakaya.geneve\",\"https:\/\/www.instagram.com\/izakaya_geneva\/\"]}]}<\/script>\n<!-- \/ Yoast SEO plugin. -->","yoast_head_json":{"title":"Carte cadeau - Izakaya By Danny Khezzar","description":"Une demande particuli\u00e8re pour un moment d\u2019exception ?Notre \u00e9quipe se tient \u00e0 votre \u00e9coute pour concevoir une exp\u00e9rience sur mesure. Chaque d\u00e9tail compte, et nous vous r\u00e9pondrons avec attention dans un d\u00e9lai de 24 heures.","robots":{"index":"index","follow":"follow","max-snippet":"max-snippet:-1","max-image-preview":"max-image-preview:large","max-video-preview":"max-video-preview:-1"},"canonical":"https:\/\/izakaya.group\/en\/cartecadeau\/","og_locale":"en_US","og_type":"article","og_title":"Carte cadeau - Izakaya By Danny Khezzar","og_description":"Une demande particuli\u00e8re pour un moment d\u2019exception ?Notre \u00e9quipe se tient \u00e0 votre \u00e9coute pour concevoir une exp\u00e9rience sur mesure. Chaque d\u00e9tail compte, et nous vous r\u00e9pondrons avec attention dans un d\u00e9lai de 24 heures.","og_url":"https:\/\/izakaya.group\/en\/cartecadeau\/","og_site_name":"Izakaya By Danny Khezzar","article_publisher":"https:\/\/www.facebook.com\/izakaya.geneve","article_modified_time":"2026-02-25T21:00:14+00:00","twitter_card":"summary_large_image","twitter_misc":{"Est. reading time":"1 minute"},"schema":{"@context":"https:\/\/schema.org","@graph":[{"@type":"WebPage","@id":"https:\/\/izakaya.group\/cartecadeau\/","url":"https:\/\/izakaya.group\/cartecadeau\/","name":"Carte cadeau - Izakaya By Danny Khezzar","isPartOf":{"@id":"https:\/\/izakaya.group\/#website"},"datePublished":"2025-12-02T22:14:36+00:00","dateModified":"2026-02-25T21:00:14+00:00","description":"Une demande particuli\u00e8re pour un moment d\u2019exception ?Notre \u00e9quipe se tient \u00e0 votre \u00e9coute pour concevoir une exp\u00e9rience sur mesure. Chaque d\u00e9tail compte, et nous vous r\u00e9pondrons avec attention dans un d\u00e9lai de 24 heures.","breadcrumb":{"@id":"https:\/\/izakaya.group\/cartecadeau\/#breadcrumb"},"inLanguage":"en-US","potentialAction":[{"@type":"ReadAction","target":["https:\/\/izakaya.group\/cartecadeau\/"]}]},{"@type":"BreadcrumbList","@id":"https:\/\/izakaya.group\/cartecadeau\/#breadcrumb","itemListElement":[{"@type":"ListItem","position":1,"name":"Accueil","item":"https:\/\/izakaya.group\/"},{"@type":"ListItem","position":2,"name":"Carte cadeau"}]},{"@type":"WebSite","@id":"https:\/\/izakaya.group\/#website","url":"https:\/\/izakaya.group\/","name":"Izakaya By Danny Khezzar","description":"Le nouveau restaurant festif en plein coeur de Gen\u00e8ve.","publisher":{"@id":"https:\/\/izakaya.group\/#organization"},"alternateName":"Izakaya","potentialAction":[{"@type":"SearchAction","target":{"@type":"EntryPoint","urlTemplate":"https:\/\/izakaya.group\/?s={search_term_string}"},"query-input":{"@type":"PropertyValueSpecification","valueRequired":true,"valueName":"search_term_string"}}],"inLanguage":"en-US"},{"@type":"Organization","@id":"https:\/\/izakaya.group\/#organization","name":"Izakaya By Danny Khezzar","alternateName":"Izakaya","url":"https:\/\/izakaya.group\/","logo":{"@type":"ImageObject","inLanguage":"en-US","@id":"https:\/\/izakaya.group\/#\/schema\/logo\/image\/","url":"https:\/\/izakaya.group\/wp-content\/uploads\/2025\/10\/favicon-izakaya.png","contentUrl":"https:\/\/izakaya.group\/wp-content\/uploads\/2025\/10\/favicon-izakaya.png","width":500,"height":500,"caption":"Izakaya By Danny Khezzar"},"image":{"@id":"https:\/\/izakaya.group\/#\/schema\/logo\/image\/"},"sameAs":["https:\/\/www.facebook.com\/izakaya.geneve","https:\/\/www.instagram.com\/izakaya_geneva\/"]}]}},"_links":{"self":[{"href":"https:\/\/izakaya.group\/en\/wp-json\/wp\/v2\/pages\/1825","targetHints":{"allow":["GET"]}}],"collection":[{"href":"https:\/\/izakaya.group\/en\/wp-json\/wp\/v2\/pages"}],"about":[{"href":"https:\/\/izakaya.group\/en\/wp-json\/wp\/v2\/types\/page"}],"author":[{"embeddable":true,"href":"https:\/\/izakaya.group\/en\/wp-json\/wp\/v2\/users\/1"}],"replies":[{"embeddable":true,"href":"https:\/\/izakaya.group\/en\/wp-json\/wp\/v2\/comments?post=1825"}],"version-history":[{"count":21,"href":"https:\/\/izakaya.group\/en\/wp-json\/wp\/v2\/pages\/1825\/revisions"}],"predecessor-version":[{"id":1925,"href":"https:\/\/izakaya.group\/en\/wp-json\/wp\/v2\/pages\/1825\/revisions\/1925"}],"wp:attachment":[{"href":"https:\/\/izakaya.group\/en\/wp-json\/wp\/v2\/media?parent=1825"}],"curies":[{"name":"wp","href":"https:\/\/api.w.org\/{rel}","templated":true}]}}