{"id":22,"date":"2025-10-26T15:55:18","date_gmt":"2025-10-26T14:55:18","guid":{"rendered":"https:\/\/izakaya.group\/contact\/"},"modified":"2025-11-15T11:35:33","modified_gmt":"2025-11-15T10:35:33","slug":"contact","status":"publish","type":"page","link":"https:\/\/izakaya.group\/en\/contact\/","title":{"rendered":"Contact"},"content":{"rendered":"\t\t<div data-elementor-type=\"wp-page\" data-elementor-id=\"22\" class=\"elementor elementor-22\" data-elementor-post-type=\"page\">\n\t\t\t\t<div class=\"elementor-element elementor-element-9d5bca4 e-flex e-con-boxed e-con e-parent\" data-id=\"9d5bca4\" data-element_type=\"container\" data-e-type=\"container\" data-settings=\"{&quot;background_background&quot;:&quot;classic&quot;,&quot;shape_divider_bottom&quot;:&quot;curve&quot;,&quot;shape_divider_bottom_negative&quot;:&quot;yes&quot;}\">\n\t\t\t\t\t<div class=\"e-con-inner\">\n\t\t\t\t<div class=\"elementor-shape elementor-shape-bottom\" aria-hidden=\"true\" data-negative=\"true\">\n\t\t\t<svg xmlns=\"http:\/\/www.w3.org\/2000\/svg\" viewBox=\"0 0 1000 100\" preserveAspectRatio=\"none\">\n\t<path class=\"elementor-shape-fill\" d=\"M500,97C126.7,96.3,0.8,19.8,0,0v100l1000,0V1C1000,19.4,873.3,97.8,500,97z\"\/>\n<\/svg>\t\t<\/div>\n\t\t<div class=\"elementor-element elementor-element-cba2c18 e-con-full e-flex e-con e-child\" data-id=\"cba2c18\" data-element_type=\"container\" data-e-type=\"container\">\n\t\t\t\t<div class=\"elementor-element elementor-element-97c908f elementor-widget elementor-widget-uael-infobox\" data-id=\"97c908f\" data-element_type=\"widget\" data-e-type=\"widget\" data-widget_type=\"uael-infobox.default\">\n\t\t\t\t<div class=\"elementor-widget-container\">\n\t\t\t\t\t\n<div class=\"uael-module-content uael-infobox uael-imgicon-style-normal  infobox-has-icon uael-infobox-icon-above-title  uael-infobox-link-type-none\">\n\t<div class=\"uael-infobox-left-right-wrap\">\n\t\t\t\t\t\t<div class=\"uael-infobox-content\">\n\t\t\t\t\t\t\t<div class=\"uael-module-content uael-imgicon-wrap \">\t\t\t\t\t\t\t\t\t\t\t\n\t\t\t\t\t\t\t\t\t\t\t\t\t\t<\/div>\n\t\t\t\t\t\t\t<div class='uael-infobox-title-wrap'><h1 class=\"uael-infobox-title elementor-inline-editing\" data-elementor-setting-key=\"infobox_title\" data-elementor-inline-editing-toolbar=\"basic\" >CONTACTEZ-NOUS.<\/h1><\/div>\t\t\t\t\t\t\t\t\t<div class=\"uael-infobox-text-wrap\">\n\t\t\t\t<div class=\"uael-infobox-text elementor-inline-editing\" data-elementor-setting-key=\"infobox_description\" data-elementor-inline-editing-toolbar=\"advanced\">\n\t\t\t\t\t\t\t\t\t<\/div>\n\t\t\t\t\t\n\t\t\t\t\t\t\t<\/div>\n\t\t<\/div>\n\t\t\t<\/div>\n<\/div>\n\t\t\t\t<\/div>\n\t\t\t\t<\/div>\n\t\t\t\t<\/div>\n\t\t\t\t\t<\/div>\n\t\t\t\t<\/div>\n\t\t<div class=\"elementor-element elementor-element-a068243 e-flex e-con-boxed e-con e-parent\" data-id=\"a068243\" data-element_type=\"container\" data-e-type=\"container\" data-settings=\"{&quot;background_background&quot;:&quot;classic&quot;}\">\n\t\t\t\t\t<div class=\"e-con-inner\">\n\t\t<div class=\"elementor-element elementor-element-bc41412 e-con-full e-flex e-con e-child\" data-id=\"bc41412\" data-element_type=\"container\" data-e-type=\"container\">\n\t\t\t\t<div class=\"elementor-element elementor-element-c86a515 elementor-widget elementor-widget-wpforms\" data-id=\"c86a515\" data-element_type=\"widget\" data-e-type=\"widget\" data-widget_type=\"wpforms.default\">\n\t\t\t\t<div class=\"elementor-widget-container\">\n\t\t\t\t\t<style id=\"wpforms-css-vars-elementor-widget-c86a515\">\n\t\t\t\t.elementor-widget-wpforms.elementor-element-c86a515 {\n\t\t\t\t--wpforms-field-border-color: #cccccc;\n--wpforms-field-border-color-spare: #cccccc;\n--wpforms-field-text-color: #444444;\n--wpforms-label-color: #FFFFFF;\n--wpforms-label-sublabel-color: #7f7f7f;\n--wpforms-label-error-color: #ff0000;\n--wpforms-button-border-style: solid;\n--wpforms-button-background-color: #000000;\n--wpforms-button-border-color: #860000;\n--wpforms-button-text-color: #FFFFFF;\n--wpforms-page-break-color: #dddddd;\n--wpforms-label-size-font-size: 14px;\n--wpforms-label-size-line-height: 17px;\n--wpforms-label-size-sublabel-font-size: 13px;\n--wpforms-label-size-sublabel-line-height: 16px;\n\t\t\t}\n\t\t\t<\/style><div class=\"wpforms-container wpforms-container-full wpforms-render-modern\" id=\"wpforms-1805\"><form id=\"wpforms-form-1805\" class=\"wpforms-validate wpforms-form wpforms-ajax-form\" data-formid=\"1805\" method=\"post\" enctype=\"multipart\/form-data\" action=\"\/en\/wp-json\/wp\/v2\/pages\/22\" data-token=\"b045663de84a32f1a886f2695e2a2c9a\" data-token-time=\"1776318211\"><noscript class=\"wpforms-error-noscript\">Please enable JavaScript in your browser to complete this form.<\/noscript><div id=\"wpforms-error-noscript\" style=\"display: none;\">Please enable JavaScript in your browser to complete this form.<\/div><div class=\"wpforms-field-container\">\t\t<div id=\"wpforms-1805-field_5-container\"\n\t\t\tclass=\"wpforms-field wpforms-field-text\"\n\t\t\tdata-field-type=\"text\"\n\t\t\tdata-field-id=\"5\"\n\t\t\t>\n\t\t\t<label class=\"wpforms-field-label\" for=\"wpforms-1805-field_5\" >T\u00e9l\u00e9phone E-mail Nom<\/label>\n\t\t\t<input type=\"text\" id=\"wpforms-1805-field_5\" class=\"wpforms-field-medium\" name=\"wpforms[fields][5]\" >\n\t\t<\/div>\n\t\t<div id=\"wpforms-1805-field_1-container\" class=\"wpforms-field wpforms-field-name\" data-field-id=\"1\"><fieldset><legend class=\"wpforms-field-label\">Nom <span class=\"wpforms-required-label\" aria-hidden=\"true\">*<\/span><\/legend><div class=\"wpforms-field-row wpforms-field-medium\"><div class=\"wpforms-field-row-block wpforms-first wpforms-one-half\"><input type=\"text\" id=\"wpforms-1805-field_1\" class=\"wpforms-field-name-first wpforms-field-required\" name=\"wpforms[fields][1][first]\" aria-errormessage=\"wpforms-1805-field_1-error\" required><label for=\"wpforms-1805-field_1\" class=\"wpforms-field-sublabel after\">First<\/label><\/div><div class=\"wpforms-field-row-block wpforms-one-half\"><input type=\"text\" id=\"wpforms-1805-field_1-last\" class=\"wpforms-field-name-last wpforms-field-required\" name=\"wpforms[fields][1][last]\" aria-errormessage=\"wpforms-1805-field_1-last-error\" required><label for=\"wpforms-1805-field_1-last\" class=\"wpforms-field-sublabel after\">Last<\/label><\/div><\/div><\/fieldset><\/div><div id=\"wpforms-1805-field_2-container\" class=\"wpforms-field wpforms-field-email\" data-field-id=\"2\"><label class=\"wpforms-field-label\" for=\"wpforms-1805-field_2\">E-mail <span class=\"wpforms-required-label\" aria-hidden=\"true\">*<\/span><\/label><input type=\"email\" id=\"wpforms-1805-field_2\" class=\"wpforms-field-medium wpforms-field-required\" name=\"wpforms[fields][2]\" spellcheck=\"false\" aria-errormessage=\"wpforms-1805-field_2-error\" required><\/div><div id=\"wpforms-1805-field_4-container\" class=\"wpforms-field wpforms-field-text\" data-field-id=\"4\"><label class=\"wpforms-field-label\" for=\"wpforms-1805-field_4\">T\u00e9l\u00e9phone <span class=\"wpforms-required-label\" aria-hidden=\"true\">*<\/span><\/label><input type=\"text\" id=\"wpforms-1805-field_4\" class=\"wpforms-field-medium wpforms-field-required\" name=\"wpforms[fields][4]\" aria-errormessage=\"wpforms-1805-field_4-error\" required><\/div><div id=\"wpforms-1805-field_3-container\" class=\"wpforms-field wpforms-field-textarea\" data-field-id=\"3\"><label class=\"wpforms-field-label\" for=\"wpforms-1805-field_3\">Commentaire ou message<\/label><textarea id=\"wpforms-1805-field_3\" class=\"wpforms-field-medium\" name=\"wpforms[fields][3]\" aria-errormessage=\"wpforms-1805-field_3-error\" ><\/textarea><\/div><script>\n\t\t\t\t( function() {\n\t\t\t\t\tconst style = document.createElement( 'style' );\n\t\t\t\t\tstyle.appendChild( document.createTextNode( '#wpforms-1805-field_5-container { position: absolute !important; overflow: hidden !important; display: inline !important; height: 1px !important; width: 1px !important; z-index: -1000 !important; padding: 0 !important; } #wpforms-1805-field_5-container input { visibility: hidden; } #wpforms-conversational-form-page #wpforms-1805-field_5-container label { counter-increment: none; }' ) );\n\t\t\t\t\tdocument.head.appendChild( style );\n\t\t\t\t\tdocument.currentScript?.remove();\n\t\t\t\t} )();\n\t\t\t<\/script><\/div><!-- .wpforms-field-container --><div class=\"wpforms-submit-container\" ><input type=\"hidden\" name=\"wpforms[id]\" value=\"1805\"><input type=\"hidden\" name=\"page_title\" value=\"\"><input type=\"hidden\" name=\"page_url\" value=\"https:\/\/izakaya.group\/en\/wp-json\/wp\/v2\/pages\/22\"><input type=\"hidden\" name=\"url_referer\" value=\"\"><button type=\"submit\" name=\"wpforms[submit]\" id=\"wpforms-submit-1805\" class=\"wpforms-submit\" data-alt-text=\"Envoi...\" data-submit-text=\"Envoyer\" aria-live=\"assertive\" value=\"wpforms-submit\">Envoyer<\/button><img decoding=\"async\" src=\"https:\/\/izakaya.group\/wp-content\/plugins\/wpforms-lite\/assets\/images\/submit-spin.svg\" class=\"wpforms-submit-spinner\" style=\"display: none;\" width=\"26\" height=\"26\" alt=\"Loading\" title=\"Contact\"><\/div><\/form><\/div>  <!-- .wpforms-container -->\t\t\t\t<\/div>\n\t\t\t\t<\/div>\n\t\t\t\t<\/div>\n\t\t<div class=\"elementor-element elementor-element-cb0bbad e-con-full e-flex e-con e-child\" data-id=\"cb0bbad\" data-element_type=\"container\" data-e-type=\"container\">\n\t\t\t\t<div class=\"elementor-element elementor-element-021b933 elementor-widget__width-initial elementor-widget-tablet__width-inherit elementor-widget elementor-widget-heading\" data-id=\"021b933\" data-element_type=\"widget\" data-e-type=\"widget\" data-widget_type=\"heading.default\">\n\t\t\t\t<div class=\"elementor-widget-container\">\n\t\t\t\t\t<h2 class=\"elementor-heading-title elementor-size-default\">UNE DEMANDE SP\u00c9CIALE, POUR UN MOMENT UNIQUE.<\/h2>\t\t\t\t<\/div>\n\t\t\t\t<\/div>\n\t\t\t\t<div class=\"elementor-element elementor-element-565ad34 elementor-widget elementor-widget-text-editor\" data-id=\"565ad34\" data-element_type=\"widget\" data-e-type=\"widget\" data-widget_type=\"text-editor.default\">\n\t\t\t\t<div class=\"elementor-widget-container\">\n\t\t\t\t\t\t\t\t\t<p>Notre \u00e9quipe vous r\u00e9pond dans un d\u00e9lai de 24 heures.<\/p>\t\t\t\t\t\t\t\t<\/div>\n\t\t\t\t<\/div>\n\t\t<div class=\"elementor-element elementor-element-7bc51c3 e-con-full e-flex e-con e-child\" data-id=\"7bc51c3\" data-element_type=\"container\" data-e-type=\"container\">\n\t\t<div class=\"elementor-element elementor-element-c08bc76 e-con-full e-flex e-con e-child\" data-id=\"c08bc76\" data-element_type=\"container\" data-e-type=\"container\">\n\t\t\t\t<\/div>\n\t\t\t\t<\/div>\n\t\t\t\t<\/div>\n\t\t\t\t\t<\/div>\n\t\t\t\t<\/div>\n\t\t\t\t<\/div>\n\t\t","protected":false},"excerpt":{"rendered":"<p>CONTACTEZ-NOUS. Veuillez activer JavaScript dans votre navigateur pour remplir ce formulaire.Veuillez activer JavaScript dans votre navigateur pour remplir ce formulaire. [&hellip;]<\/p>\n","protected":false},"author":1,"featured_media":0,"parent":0,"menu_order":0,"comment_status":"closed","ping_status":"closed","template":"","meta":{"site-sidebar-layout":"no-sidebar","site-content-layout":"","ast-site-content-layout":"full-width-container","site-content-style":"unboxed","site-sidebar-style":"unboxed","ast-global-header-display":"","ast-banner-title-visibility":"","ast-main-header-display":"","ast-hfb-above-header-display":"","ast-hfb-below-header-display":"","ast-hfb-mobile-header-display":"","site-post-title":"disabled","ast-breadcrumbs-content":"","ast-featured-img":"disabled","footer-sml-layout":"","theme-transparent-header-meta":"enabled","adv-header-id-meta":"","stick-header-meta":"","header-above-stick-meta":"","header-main-stick-meta":"","header-below-stick-meta":"","astra-migrate-meta-layouts":"default","ast-page-background-enabled":"default","ast-page-background-meta":{"desktop":{"background-color":"var(--ast-global-color-5)","background-image":"","background-repeat":"repeat","background-position":"center center","background-size":"auto","background-attachment":"scroll","background-type":"","background-media":"","overlay-type":"","overlay-color":"","overlay-opacity":"","overlay-gradient":""},"tablet":{"background-color":"","background-image":"","background-repeat":"repeat","background-position":"center center","background-size":"auto","background-attachment":"scroll","background-type":"","background-media":"","overlay-type":"","overlay-color":"","overlay-opacity":"","overlay-gradient":""},"mobile":{"background-color":"","background-image":"","background-repeat":"repeat","background-position":"center center","background-size":"auto","background-attachment":"scroll","background-type":"","background-media":"","overlay-type":"","overlay-color":"","overlay-opacity":"","overlay-gradient":""}},"ast-content-background-meta":{"desktop":{"background-color":"var(--ast-global-color-4)","background-image":"","background-repeat":"repeat","background-position":"center center","background-size":"auto","background-attachment":"scroll","background-type":"","background-media":"","overlay-type":"","overlay-color":"","overlay-opacity":"","overlay-gradient":""},"tablet":{"background-color":"var(--ast-global-color-4)","background-image":"","background-repeat":"repeat","background-position":"center center","background-size":"auto","background-attachment":"scroll","background-type":"","background-media":"","overlay-type":"","overlay-color":"","overlay-opacity":"","overlay-gradient":""},"mobile":{"background-color":"var(--ast-global-color-4)","background-image":"","background-repeat":"repeat","background-position":"center center","background-size":"auto","background-attachment":"scroll","background-type":"","background-media":"","overlay-type":"","overlay-color":"","overlay-opacity":"","overlay-gradient":""}},"footnotes":""},"class_list":["post-22","page","type-page","status-publish","hentry"],"yoast_head":"<!-- This site is optimized with the Yoast SEO plugin v27.0 - https:\/\/yoast.com\/product\/yoast-seo-wordpress\/ -->\n<title>Contact - Izakaya By Danny Khezzar<\/title>\n<meta name=\"description\" content=\"Une demande particuli\u00e8re pour un moment d\u2019exception ?Notre \u00e9quipe se tient \u00e0 votre \u00e9coute pour concevoir une exp\u00e9rience sur mesure. Chaque d\u00e9tail compte, et nous vous r\u00e9pondrons avec attention dans un d\u00e9lai de 24 heures.\" \/>\n<meta name=\"robots\" content=\"index, follow, max-snippet:-1, max-image-preview:large, max-video-preview:-1\" \/>\n<link rel=\"canonical\" href=\"https:\/\/izakaya.group\/en\/contact\/\" \/>\n<meta property=\"og:locale\" content=\"en_US\" \/>\n<meta property=\"og:type\" content=\"article\" \/>\n<meta property=\"og:title\" content=\"Contact - Izakaya By Danny Khezzar\" \/>\n<meta property=\"og:description\" content=\"Une demande particuli\u00e8re pour un moment d\u2019exception ?Notre \u00e9quipe se tient \u00e0 votre \u00e9coute pour concevoir une exp\u00e9rience sur mesure. Chaque d\u00e9tail compte, et nous vous r\u00e9pondrons avec attention dans un d\u00e9lai de 24 heures.\" \/>\n<meta property=\"og:url\" content=\"https:\/\/izakaya.group\/en\/contact\/\" \/>\n<meta property=\"og:site_name\" content=\"Izakaya By Danny Khezzar\" \/>\n<meta property=\"article:publisher\" content=\"https:\/\/www.facebook.com\/izakaya.geneve\" \/>\n<meta property=\"article:modified_time\" content=\"2025-11-15T10:35:33+00:00\" \/>\n<meta property=\"og:image\" content=\"https:\/\/izakaya.group\/wp-content\/plugins\/wpforms-lite\/assets\/images\/submit-spin.svg\" \/>\n<meta name=\"twitter:card\" content=\"summary_large_image\" \/>\n<meta name=\"twitter:label1\" content=\"Est. reading time\" \/>\n\t<meta name=\"twitter:data1\" content=\"1 minute\" \/>\n<script type=\"application\/ld+json\" class=\"yoast-schema-graph\">{\"@context\":\"https:\/\/schema.org\",\"@graph\":[{\"@type\":\"WebPage\",\"@id\":\"https:\/\/izakaya.group\/contact\/\",\"url\":\"https:\/\/izakaya.group\/contact\/\",\"name\":\"Contact - Izakaya By Danny Khezzar\",\"isPartOf\":{\"@id\":\"https:\/\/izakaya.group\/#website\"},\"primaryImageOfPage\":{\"@id\":\"https:\/\/izakaya.group\/contact\/#primaryimage\"},\"image\":{\"@id\":\"https:\/\/izakaya.group\/contact\/#primaryimage\"},\"thumbnailUrl\":\"https:\/\/izakaya.group\/wp-content\/plugins\/wpforms-lite\/assets\/images\/submit-spin.svg\",\"datePublished\":\"2025-10-26T14:55:18+00:00\",\"dateModified\":\"2025-11-15T10:35:33+00:00\",\"description\":\"Une demande particuli\u00e8re pour un moment d\u2019exception ?Notre \u00e9quipe se tient \u00e0 votre \u00e9coute pour concevoir une exp\u00e9rience sur mesure. Chaque d\u00e9tail compte, et nous vous r\u00e9pondrons avec attention dans un d\u00e9lai de 24 heures.\",\"breadcrumb\":{\"@id\":\"https:\/\/izakaya.group\/contact\/#breadcrumb\"},\"inLanguage\":\"en-US\",\"potentialAction\":[{\"@type\":\"ReadAction\",\"target\":[\"https:\/\/izakaya.group\/contact\/\"]}]},{\"@type\":\"ImageObject\",\"inLanguage\":\"en-US\",\"@id\":\"https:\/\/izakaya.group\/contact\/#primaryimage\",\"url\":\"https:\/\/izakaya.group\/wp-content\/plugins\/wpforms-lite\/assets\/images\/submit-spin.svg\",\"contentUrl\":\"https:\/\/izakaya.group\/wp-content\/plugins\/wpforms-lite\/assets\/images\/submit-spin.svg\"},{\"@type\":\"BreadcrumbList\",\"@id\":\"https:\/\/izakaya.group\/contact\/#breadcrumb\",\"itemListElement\":[{\"@type\":\"ListItem\",\"position\":1,\"name\":\"Accueil\",\"item\":\"https:\/\/izakaya.group\/\"},{\"@type\":\"ListItem\",\"position\":2,\"name\":\"Contact\"}]},{\"@type\":\"WebSite\",\"@id\":\"https:\/\/izakaya.group\/#website\",\"url\":\"https:\/\/izakaya.group\/\",\"name\":\"Izakaya By Danny Khezzar\",\"description\":\"Le nouveau restaurant festif en plein coeur de Gen\u00e8ve.\",\"publisher\":{\"@id\":\"https:\/\/izakaya.group\/#organization\"},\"alternateName\":\"Izakaya\",\"potentialAction\":[{\"@type\":\"SearchAction\",\"target\":{\"@type\":\"EntryPoint\",\"urlTemplate\":\"https:\/\/izakaya.group\/?s={search_term_string}\"},\"query-input\":{\"@type\":\"PropertyValueSpecification\",\"valueRequired\":true,\"valueName\":\"search_term_string\"}}],\"inLanguage\":\"en-US\"},{\"@type\":\"Organization\",\"@id\":\"https:\/\/izakaya.group\/#organization\",\"name\":\"Izakaya By Danny Khezzar\",\"alternateName\":\"Izakaya\",\"url\":\"https:\/\/izakaya.group\/\",\"logo\":{\"@type\":\"ImageObject\",\"inLanguage\":\"en-US\",\"@id\":\"https:\/\/izakaya.group\/#\/schema\/logo\/image\/\",\"url\":\"https:\/\/izakaya.group\/wp-content\/uploads\/2025\/10\/favicon-izakaya.png\",\"contentUrl\":\"https:\/\/izakaya.group\/wp-content\/uploads\/2025\/10\/favicon-izakaya.png\",\"width\":500,\"height\":500,\"caption\":\"Izakaya By Danny Khezzar\"},\"image\":{\"@id\":\"https:\/\/izakaya.group\/#\/schema\/logo\/image\/\"},\"sameAs\":[\"https:\/\/www.facebook.com\/izakaya.geneve\",\"https:\/\/www.instagram.com\/izakaya_geneva\/\"]}]}<\/script>\n<!-- \/ Yoast SEO plugin. -->","yoast_head_json":{"title":"Contact - Izakaya By Danny Khezzar","description":"Une demande particuli\u00e8re pour un moment d\u2019exception ?Notre \u00e9quipe se tient \u00e0 votre \u00e9coute pour concevoir une exp\u00e9rience sur mesure. Chaque d\u00e9tail compte, et nous vous r\u00e9pondrons avec attention dans un d\u00e9lai de 24 heures.","robots":{"index":"index","follow":"follow","max-snippet":"max-snippet:-1","max-image-preview":"max-image-preview:large","max-video-preview":"max-video-preview:-1"},"canonical":"https:\/\/izakaya.group\/en\/contact\/","og_locale":"en_US","og_type":"article","og_title":"Contact - Izakaya By Danny Khezzar","og_description":"Une demande particuli\u00e8re pour un moment d\u2019exception ?Notre \u00e9quipe se tient \u00e0 votre \u00e9coute pour concevoir une exp\u00e9rience sur mesure. Chaque d\u00e9tail compte, et nous vous r\u00e9pondrons avec attention dans un d\u00e9lai de 24 heures.","og_url":"https:\/\/izakaya.group\/en\/contact\/","og_site_name":"Izakaya By Danny Khezzar","article_publisher":"https:\/\/www.facebook.com\/izakaya.geneve","article_modified_time":"2025-11-15T10:35:33+00:00","og_image":[{"url":"https:\/\/izakaya.group\/wp-content\/plugins\/wpforms-lite\/assets\/images\/submit-spin.svg","type":"","width":"","height":""}],"twitter_card":"summary_large_image","twitter_misc":{"Est. reading time":"1 minute"},"schema":{"@context":"https:\/\/schema.org","@graph":[{"@type":"WebPage","@id":"https:\/\/izakaya.group\/contact\/","url":"https:\/\/izakaya.group\/contact\/","name":"Contact - Izakaya By Danny Khezzar","isPartOf":{"@id":"https:\/\/izakaya.group\/#website"},"primaryImageOfPage":{"@id":"https:\/\/izakaya.group\/contact\/#primaryimage"},"image":{"@id":"https:\/\/izakaya.group\/contact\/#primaryimage"},"thumbnailUrl":"https:\/\/izakaya.group\/wp-content\/plugins\/wpforms-lite\/assets\/images\/submit-spin.svg","datePublished":"2025-10-26T14:55:18+00:00","dateModified":"2025-11-15T10:35:33+00:00","description":"Une demande particuli\u00e8re pour un moment d\u2019exception ?Notre \u00e9quipe se tient \u00e0 votre \u00e9coute pour concevoir une exp\u00e9rience sur mesure. Chaque d\u00e9tail compte, et nous vous r\u00e9pondrons avec attention dans un d\u00e9lai de 24 heures.","breadcrumb":{"@id":"https:\/\/izakaya.group\/contact\/#breadcrumb"},"inLanguage":"en-US","potentialAction":[{"@type":"ReadAction","target":["https:\/\/izakaya.group\/contact\/"]}]},{"@type":"ImageObject","inLanguage":"en-US","@id":"https:\/\/izakaya.group\/contact\/#primaryimage","url":"https:\/\/izakaya.group\/wp-content\/plugins\/wpforms-lite\/assets\/images\/submit-spin.svg","contentUrl":"https:\/\/izakaya.group\/wp-content\/plugins\/wpforms-lite\/assets\/images\/submit-spin.svg"},{"@type":"BreadcrumbList","@id":"https:\/\/izakaya.group\/contact\/#breadcrumb","itemListElement":[{"@type":"ListItem","position":1,"name":"Accueil","item":"https:\/\/izakaya.group\/"},{"@type":"ListItem","position":2,"name":"Contact"}]},{"@type":"WebSite","@id":"https:\/\/izakaya.group\/#website","url":"https:\/\/izakaya.group\/","name":"Izakaya By Danny Khezzar","description":"Le nouveau restaurant festif en plein coeur de Gen\u00e8ve.","publisher":{"@id":"https:\/\/izakaya.group\/#organization"},"alternateName":"Izakaya","potentialAction":[{"@type":"SearchAction","target":{"@type":"EntryPoint","urlTemplate":"https:\/\/izakaya.group\/?s={search_term_string}"},"query-input":{"@type":"PropertyValueSpecification","valueRequired":true,"valueName":"search_term_string"}}],"inLanguage":"en-US"},{"@type":"Organization","@id":"https:\/\/izakaya.group\/#organization","name":"Izakaya By Danny Khezzar","alternateName":"Izakaya","url":"https:\/\/izakaya.group\/","logo":{"@type":"ImageObject","inLanguage":"en-US","@id":"https:\/\/izakaya.group\/#\/schema\/logo\/image\/","url":"https:\/\/izakaya.group\/wp-content\/uploads\/2025\/10\/favicon-izakaya.png","contentUrl":"https:\/\/izakaya.group\/wp-content\/uploads\/2025\/10\/favicon-izakaya.png","width":500,"height":500,"caption":"Izakaya By Danny Khezzar"},"image":{"@id":"https:\/\/izakaya.group\/#\/schema\/logo\/image\/"},"sameAs":["https:\/\/www.facebook.com\/izakaya.geneve","https:\/\/www.instagram.com\/izakaya_geneva\/"]}]}},"_links":{"self":[{"href":"https:\/\/izakaya.group\/en\/wp-json\/wp\/v2\/pages\/22","targetHints":{"allow":["GET"]}}],"collection":[{"href":"https:\/\/izakaya.group\/en\/wp-json\/wp\/v2\/pages"}],"about":[{"href":"https:\/\/izakaya.group\/en\/wp-json\/wp\/v2\/types\/page"}],"author":[{"embeddable":true,"href":"https:\/\/izakaya.group\/en\/wp-json\/wp\/v2\/users\/1"}],"replies":[{"embeddable":true,"href":"https:\/\/izakaya.group\/en\/wp-json\/wp\/v2\/comments?post=22"}],"version-history":[{"count":21,"href":"https:\/\/izakaya.group\/en\/wp-json\/wp\/v2\/pages\/22\/revisions"}],"predecessor-version":[{"id":1814,"href":"https:\/\/izakaya.group\/en\/wp-json\/wp\/v2\/pages\/22\/revisions\/1814"}],"wp:attachment":[{"href":"https:\/\/izakaya.group\/en\/wp-json\/wp\/v2\/media?parent=22"}],"curies":[{"name":"wp","href":"https:\/\/api.w.org\/{rel}","templated":true}]}}